{"id":12433,"date":"2021-06-22T13:56:32","date_gmt":"2021-06-22T16:56:32","guid":{"rendered":"https:\/\/industriall.ai\/blog\/?page_id=12433"},"modified":"2022-07-26T15:14:58","modified_gmt":"2022-07-26T18:14:58","slug":"impacto-da-rota-de-inspecao-no-aumento-da-produtividade","status":"publish","type":"page","link":"https:\/\/industriall.ai\/blog\/impacto-da-rota-de-inspecao-no-aumento-da-produtividade","title":{"rendered":"Impacto da Rota de Inspe\u00e7\u00e3o no aumento da produtividade"},"content":{"rendered":"\t\t<div data-elementor-type=\"wp-page\" data-elementor-id=\"12433\" class=\"elementor elementor-12433\">\n\t\t\t\t\t\t<div class=\"elementor-inner\">\n\t\t\t\t<div class=\"elementor-section-wrap\">\n\t\t\t\t\t\t\t\t\t<section class=\"elementor-section elementor-top-section elementor-element elementor-element-57364835 elementor-section-height-full elementor-section-boxed elementor-section-height-default elementor-section-items-middle\" data-id=\"57364835\" data-element_type=\"section\" data-settings=\"{&quot;background_background&quot;:&quot;slideshow&quot;,&quot;background_slideshow_gallery&quot;:[{&quot;id&quot;:12442,&quot;url&quot;:&quot;http:\\\/\\\/industriall.ai\\\/blog\\\/wp-content\\\/uploads\\\/2021\\\/06\\\/pexels-life-of-pix-2391.jpg&quot;}],&quot;background_slideshow_loop&quot;:&quot;yes&quot;,&quot;background_slideshow_slide_duration&quot;:5000,&quot;background_slideshow_slide_transition&quot;:&quot;fade&quot;,&quot;background_slideshow_transition_duration&quot;:500}\">\n\t\t\t\t\t\t\t<div class=\"elementor-background-overlay\"><\/div>\n\t\t\t\t\t\t\t<div class=\"elementor-container elementor-column-gap-default\">\n\t\t\t\t\t\t\t<div class=\"elementor-row\">\n\t\t\t\t\t<div class=\"elementor-column elementor-col-100 elementor-top-column elementor-element elementor-element-102ccb6f\" data-id=\"102ccb6f\" data-element_type=\"column\">\n\t\t\t<div class=\"elementor-column-wrap elementor-element-populated\">\n\t\t\t\t\t\t\t<div class=\"elementor-widget-wrap\">\n\t\t\t\t\t\t<div class=\"elementor-element elementor-element-610d84a0 elementor-widget elementor-widget-heading\" data-id=\"610d84a0\" data-element_type=\"widget\" data-widget_type=\"heading.default\">\n\t\t\t\t<div class=\"elementor-widget-container\">\n\t\t\t<h1 class=\"elementor-heading-title elementor-size-medium\">Impacto da <br><b>rota de inspe\u00e7\u00e3o<\/b> <br>no aumento <br>da produtividade<\/h1>\t\t<\/div>\n\t\t\t\t<\/div>\n\t\t\t\t<section class=\"elementor-section elementor-inner-section elementor-element elementor-element-6b7e41c5 elementor-section-boxed elementor-section-height-default elementor-section-height-default\" data-id=\"6b7e41c5\" data-element_type=\"section\" data-settings=\"{&quot;background_background&quot;:&quot;none&quot;}\">\n\t\t\t\t\t\t<div class=\"elementor-container elementor-column-gap-default\">\n\t\t\t\t\t\t\t<div class=\"elementor-row\">\n\t\t\t\t\t<div class=\"elementor-column elementor-col-100 elementor-inner-column elementor-element elementor-element-57aa1bf1\" data-id=\"57aa1bf1\" data-element_type=\"column\" data-settings=\"{&quot;background_background&quot;:&quot;classic&quot;}\">\n\t\t\t<div class=\"elementor-column-wrap elementor-element-populated\">\n\t\t\t\t\t\t\t<div class=\"elementor-widget-wrap\">\n\t\t\t\t\t\t<div class=\"elementor-element elementor-element-70ef76b elementor-button-align-end elementor-widget elementor-widget-form\" data-id=\"70ef76b\" data-element_type=\"widget\" data-settings=\"{&quot;step_next_label&quot;:&quot;Next&quot;,&quot;step_previous_label&quot;:&quot;Previous&quot;,&quot;button_width&quot;:&quot;100&quot;,&quot;step_type&quot;:&quot;number_text&quot;,&quot;step_icon_shape&quot;:&quot;circle&quot;}\" data-widget_type=\"form.default\">\n\t\t\t\t<div class=\"elementor-widget-container\">\n\t\t\t\t\t<form class=\"elementor-form\" method=\"post\" name=\"New Form\">\n\t\t\t<input type=\"hidden\" name=\"post_id\" value=\"12433\"\/>\n\t\t\t<input type=\"hidden\" name=\"form_id\" value=\"70ef76b\"\/>\n\n\t\t\t\n\t\t\t<div class=\"elementor-form-fields-wrapper elementor-labels-above\">\n\t\t\t\t\t\t\t\t<div class=\"elementor-field-type-text elementor-field-group elementor-column elementor-field-group-name elementor-col-50 elementor-field-required\">\n\t\t\t\t\t<label for=\"form-field-name\" class=\"elementor-field-label\">Nome<\/label><input size=\"1\" type=\"text\" name=\"form_fields[name]\" id=\"form-field-name\" class=\"elementor-field elementor-size-sm  elementor-field-textual\" required=\"required\" aria-required=\"true\">\t\t\t\t<\/div>\n\t\t\t\t\t\t\t\t<div class=\"elementor-field-type-email elementor-field-group elementor-column elementor-field-group-email elementor-col-50 elementor-field-required\">\n\t\t\t\t\t<label for=\"form-field-email\" class=\"elementor-field-label\">E-mail<\/label><input size=\"1\" type=\"email\" name=\"form_fields[email]\" id=\"form-field-email\" class=\"elementor-field elementor-size-sm  elementor-field-textual\" required=\"required\" aria-required=\"true\">\t\t\t\t<\/div>\n\t\t\t\t\t\t\t\t<div class=\"elementor-field-type-text elementor-field-group elementor-column elementor-field-group-field_7f195aa elementor-col-50 elementor-field-required\">\n\t\t\t\t\t<label for=\"form-field-field_7f195aa\" class=\"elementor-field-label\">Cargo<\/label><input size=\"1\" type=\"text\" name=\"form_fields[field_7f195aa]\" id=\"form-field-field_7f195aa\" class=\"elementor-field elementor-size-sm  elementor-field-textual\" required=\"required\" aria-required=\"true\">\t\t\t\t<\/div>\n\t\t\t\t\t\t\t\t<div class=\"elementor-field-type-text elementor-field-group elementor-column elementor-field-group-field_5cdb260 elementor-col-50 elementor-field-required\">\n\t\t\t\t\t<label for=\"form-field-field_5cdb260\" class=\"elementor-field-label\">Empresa<\/label><input size=\"1\" type=\"text\" name=\"form_fields[field_5cdb260]\" id=\"form-field-field_5cdb260\" class=\"elementor-field elementor-size-sm  elementor-field-textual\" required=\"required\" aria-required=\"true\">\t\t\t\t<\/div>\n\t\t\t\t\t\t\t\t<div class=\"elementor-field-type-recaptcha_v3 elementor-field-group elementor-column elementor-field-group-field_caabc09 elementor-col-100 recaptcha_v3-bottomleft\">\n\t\t\t\t\t<div class=\"elementor-field\" id=\"form-field-field_caabc09\"><div class=\"elementor-g-recaptcha\" data-sitekey=\"6Le_RvkcAAAAAOVLj-V8qxXNcDMsBQ2q3f47B8KL\" data-type=\"v3\" data-action=\"Form\" data-badge=\"bottomleft\" data-size=\"invisible\"><\/div><\/div>\t\t\t\t<\/div>\n\t\t\t\t\t\t\t\t<div class=\"elementor-field-group elementor-column elementor-field-type-submit elementor-col-100 e-form__buttons\">\n\t\t\t\t\t<button type=\"submit\" class=\"elementor-button elementor-size-sm elementor-animation-float\">\n\t\t\t\t\t\t<span >\n\t\t\t\t\t\t\t\t\t\t\t\t\t\t\t<span class=\"elementor-align-icon-right elementor-button-icon\">\n\t\t\t\t\t\t\t\t\t<i aria-hidden=\"true\" class=\"fas fa-arrow-right\"><\/i>\t\t\t\t\t\t\t\t\t\t\t\t\t\t\t\t\t<\/span>\n\t\t\t\t\t\t\t\t\t\t\t\t\t\t\t\t\t\t\t\t\t\t<span class=\"elementor-button-text\">Baixe agora<\/span>\n\t\t\t\t\t\t\t\t\t\t\t\t\t<\/span>\n\t\t\t\t\t<\/button>\n\t\t\t\t<\/div>\n\t\t\t<\/div>\n\t\t<\/form>\n\t\t\t\t<\/div>\n\t\t\t\t<\/div>\n\t\t\t\t<div class=\"elementor-element elementor-element-5463db8c elementor-widget elementor-widget-text-editor\" data-id=\"5463db8c\" data-element_type=\"widget\" data-widget_type=\"text-editor.default\">\n\t\t\t\t<div class=\"elementor-widget-container\">\n\t\t\t\t\t\t\t\t<div class=\"elementor-text-editor elementor-clearfix\">\n\t\t\t\t<div>Saiba como as rotas de inspe\u00e7\u00e3o integrada com a tecnologia pode te beneficiar e impactar a sua produ\u00e7\u00e3o. Entenda os aspectos positivos.<\/div>\t\t\t\t\t<\/div>\n\t\t\t\t\t\t<\/div>\n\t\t\t\t<\/div>\n\t\t\t\t\t\t<\/div>\n\t\t\t\t\t<\/div>\n\t\t<\/div>\n\t\t\t\t\t\t\t\t<\/div>\n\t\t\t\t\t<\/div>\n\t\t<\/section>\n\t\t\t\t\t\t<\/div>\n\t\t\t\t\t<\/div>\n\t\t<\/div>\n\t\t\t\t\t\t\t\t<\/div>\n\t\t\t\t\t<\/div>\n\t\t<\/section>\n\t\t\t\t<section class=\"elementor-section elementor-top-section elementor-element elementor-element-59a6b995 elementor-section-content-middle elementor-section-boxed elementor-section-height-default elementor-section-height-default\" data-id=\"59a6b995\" data-element_type=\"section\" data-settings=\"{&quot;background_background&quot;:&quot;classic&quot;}\">\n\t\t\t\t\t\t<div class=\"elementor-container elementor-column-gap-default\">\n\t\t\t\t\t\t\t<div class=\"elementor-row\">\n\t\t\t\t\t<div class=\"elementor-column elementor-col-100 elementor-top-column elementor-element elementor-element-ca7592f\" data-id=\"ca7592f\" data-element_type=\"column\">\n\t\t\t<div class=\"elementor-column-wrap elementor-element-populated\">\n\t\t\t\t\t\t\t<div class=\"elementor-widget-wrap\">\n\t\t\t\t\t\t<div class=\"elementor-element elementor-element-abbdc51 elementor-widget elementor-widget-image\" data-id=\"abbdc51\" data-element_type=\"widget\" data-widget_type=\"image.default\">\n\t\t\t\t<div class=\"elementor-widget-container\">\n\t\t\t\t\t\t\t\t<div class=\"elementor-image\">\n\t\t\t\t\t\t\t\t\t\t\t\t<img src=\"https:\/\/industriall.ai\/blog\/wp-content\/uploads\/2021\/05\/Logo-IndustriALL-Atualizada-black.png\" title=\"\" alt=\"\" \/>\t\t\t\t\t\t\t\t\t\t\t\t\t\t<\/div>\n\t\t\t\t\t\t<\/div>\n\t\t\t\t<\/div>\n\t\t\t\t\t\t<\/div>\n\t\t\t\t\t<\/div>\n\t\t<\/div>\n\t\t\t\t\t\t\t\t<\/div>\n\t\t\t\t\t<\/div>\n\t\t<\/section>\n\t\t\t\t\t\t\t\t\t<\/div>\n\t\t\t<\/div>\n\t\t\t\t\t<\/div>\n\t\t","protected":false},"excerpt":{"rendered":"<p>Impacto da rota de inspe\u00e7\u00e3o no aumento da produtividade Saiba como as rotas de inspe\u00e7\u00e3o integrada com a tecnologia pode te beneficiar e impactar a sua produ\u00e7\u00e3o. Entenda os aspectos positivos.<\/p>\n","protected":false},"author":5,"featured_media":12453,"parent":0,"menu_order":0,"comment_status":"closed","ping_status":"closed","template":"elementor_canvas","meta":{"inline_featured_image":false},"yoast_head":"<!-- This site is optimized with the Yoast SEO plugin v20.6 - https:\/\/yoast.com\/wordpress\/plugins\/seo\/ -->\n<title>Impacto da Rota de Inspe\u00e7\u00e3o no aumento da produtividade<\/title>\n<meta name=\"description\" content=\"Saiba como as rotas de inspe\u00e7\u00e3o integrada com a tecnologia pode te beneficiar e impactar a sua produ\u00e7\u00e3o. Entenda os aspectos positivos.\" \/>\n<meta name=\"robots\" content=\"index, follow, max-snippet:-1, max-image-preview:large, max-video-preview:-1\" \/>\n<link rel=\"canonical\" href=\"https:\/\/industriall.ai\/blog\/impacto-da-rota-de-inspecao-no-aumento-da-produtividade\" \/>\n<meta property=\"og:locale\" content=\"pt_BR\" \/>\n<meta property=\"og:type\" content=\"article\" \/>\n<meta property=\"og:title\" content=\"Impacto da Rota de Inspe\u00e7\u00e3o no aumento da produtividade\" \/>\n<meta property=\"og:description\" content=\"Saiba como as rotas de inspe\u00e7\u00e3o integrada com a tecnologia pode te beneficiar e impactar a sua produ\u00e7\u00e3o. Entenda os aspectos positivos.\" \/>\n<meta property=\"og:url\" content=\"https:\/\/industriall.ai\/blog\/impacto-da-rota-de-inspecao-no-aumento-da-produtividade\" \/>\n<meta property=\"og:site_name\" content=\"Blog IndustriALL\" \/>\n<meta property=\"article:modified_time\" content=\"2022-07-26T18:14:58+00:00\" \/>\n<meta property=\"og:image\" content=\"https:\/\/industriall.ai\/blog\/wp-content\/uploads\/2021\/06\/Modelo-de-Info-7.png\" \/>\n\t<meta property=\"og:image:width\" content=\"433\" \/>\n\t<meta property=\"og:image:height\" content=\"289\" \/>\n\t<meta property=\"og:image:type\" content=\"image\/png\" \/>\n<meta name=\"twitter:card\" content=\"summary_large_image\" \/>\n<meta name=\"twitter:label1\" content=\"Est. tempo de leitura\" \/>\n\t<meta name=\"twitter:data1\" content=\"1 minuto\" \/>\n<script type=\"application\/ld+json\" class=\"yoast-schema-graph\">{\"@context\":\"https:\/\/schema.org\",\"@graph\":[{\"@type\":\"WebPage\",\"@id\":\"https:\/\/industriall.ai\/blog\/impacto-da-rota-de-inspecao-no-aumento-da-produtividade\",\"url\":\"https:\/\/industriall.ai\/blog\/impacto-da-rota-de-inspecao-no-aumento-da-produtividade\",\"name\":\"Impacto da Rota de Inspe\u00e7\u00e3o no aumento da produtividade\",\"isPartOf\":{\"@id\":\"https:\/\/industriall.ai\/blog\/#website\"},\"datePublished\":\"2021-06-22T16:56:32+00:00\",\"dateModified\":\"2022-07-26T18:14:58+00:00\",\"description\":\"Saiba como as rotas de inspe\u00e7\u00e3o integrada com a tecnologia pode te beneficiar e impactar a sua produ\u00e7\u00e3o. Entenda os aspectos positivos.\",\"breadcrumb\":{\"@id\":\"https:\/\/industriall.ai\/blog\/impacto-da-rota-de-inspecao-no-aumento-da-produtividade#breadcrumb\"},\"inLanguage\":\"pt-BR\",\"potentialAction\":[{\"@type\":\"ReadAction\",\"target\":[\"https:\/\/industriall.ai\/blog\/impacto-da-rota-de-inspecao-no-aumento-da-produtividade\"]}]},{\"@type\":\"BreadcrumbList\",\"@id\":\"https:\/\/industriall.ai\/blog\/impacto-da-rota-de-inspecao-no-aumento-da-produtividade#breadcrumb\",\"itemListElement\":[{\"@type\":\"ListItem\",\"position\":1,\"name\":\"In\u00edcio\",\"item\":\"https:\/\/industriall.ai\/blog\/\"},{\"@type\":\"ListItem\",\"position\":2,\"name\":\"Impacto da Rota de Inspe\u00e7\u00e3o no aumento da produtividade\"}]},{\"@type\":\"WebSite\",\"@id\":\"https:\/\/industriall.ai\/blog\/#website\",\"url\":\"https:\/\/industriall.ai\/blog\/\",\"name\":\"Blog IndustriALL\",\"description\":\"\",\"publisher\":{\"@id\":\"https:\/\/industriall.ai\/blog\/#organization\"},\"potentialAction\":[{\"@type\":\"SearchAction\",\"target\":{\"@type\":\"EntryPoint\",\"urlTemplate\":\"https:\/\/industriall.ai\/blog\/?s={search_term_string}\"},\"query-input\":\"required name=search_term_string\"}],\"inLanguage\":\"pt-BR\"},{\"@type\":\"Organization\",\"@id\":\"https:\/\/industriall.ai\/blog\/#organization\",\"name\":\"IndustriALL\",\"url\":\"https:\/\/industriall.ai\/blog\/\",\"logo\":{\"@type\":\"ImageObject\",\"inLanguage\":\"pt-BR\",\"@id\":\"https:\/\/industriall.ai\/blog\/#\/schema\/logo\/image\/\",\"url\":\"https:\/\/industriall.ai\/blog\/wp-content\/uploads\/2020\/08\/INDUSTRIALL-FUNDO-CLARO.png\",\"contentUrl\":\"https:\/\/industriall.ai\/blog\/wp-content\/uploads\/2020\/08\/INDUSTRIALL-FUNDO-CLARO.png\",\"width\":1001,\"height\":102,\"caption\":\"IndustriALL\"},\"image\":{\"@id\":\"https:\/\/industriall.ai\/blog\/#\/schema\/logo\/image\/\"},\"sameAs\":[\"https:\/\/www.instagram.com\/industriall.ai\/\"]}]}<\/script>\n<!-- \/ Yoast SEO plugin. -->","yoast_head_json":{"title":"Impacto da Rota de Inspe\u00e7\u00e3o no aumento da produtividade","description":"Saiba como as rotas de inspe\u00e7\u00e3o integrada com a tecnologia pode te beneficiar e impactar a sua produ\u00e7\u00e3o. Entenda os aspectos positivos.","robots":{"index":"index","follow":"follow","max-snippet":"max-snippet:-1","max-image-preview":"max-image-preview:large","max-video-preview":"max-video-preview:-1"},"canonical":"https:\/\/industriall.ai\/blog\/impacto-da-rota-de-inspecao-no-aumento-da-produtividade","og_locale":"pt_BR","og_type":"article","og_title":"Impacto da Rota de Inspe\u00e7\u00e3o no aumento da produtividade","og_description":"Saiba como as rotas de inspe\u00e7\u00e3o integrada com a tecnologia pode te beneficiar e impactar a sua produ\u00e7\u00e3o. Entenda os aspectos positivos.","og_url":"https:\/\/industriall.ai\/blog\/impacto-da-rota-de-inspecao-no-aumento-da-produtividade","og_site_name":"Blog IndustriALL","article_modified_time":"2022-07-26T18:14:58+00:00","og_image":[{"width":433,"height":289,"url":"https:\/\/industriall.ai\/blog\/wp-content\/uploads\/2021\/06\/Modelo-de-Info-7.png","type":"image\/png"}],"twitter_card":"summary_large_image","twitter_misc":{"Est. tempo de leitura":"1 minuto"},"schema":{"@context":"https:\/\/schema.org","@graph":[{"@type":"WebPage","@id":"https:\/\/industriall.ai\/blog\/impacto-da-rota-de-inspecao-no-aumento-da-produtividade","url":"https:\/\/industriall.ai\/blog\/impacto-da-rota-de-inspecao-no-aumento-da-produtividade","name":"Impacto da Rota de Inspe\u00e7\u00e3o no aumento da produtividade","isPartOf":{"@id":"https:\/\/industriall.ai\/blog\/#website"},"datePublished":"2021-06-22T16:56:32+00:00","dateModified":"2022-07-26T18:14:58+00:00","description":"Saiba como as rotas de inspe\u00e7\u00e3o integrada com a tecnologia pode te beneficiar e impactar a sua produ\u00e7\u00e3o. Entenda os aspectos positivos.","breadcrumb":{"@id":"https:\/\/industriall.ai\/blog\/impacto-da-rota-de-inspecao-no-aumento-da-produtividade#breadcrumb"},"inLanguage":"pt-BR","potentialAction":[{"@type":"ReadAction","target":["https:\/\/industriall.ai\/blog\/impacto-da-rota-de-inspecao-no-aumento-da-produtividade"]}]},{"@type":"BreadcrumbList","@id":"https:\/\/industriall.ai\/blog\/impacto-da-rota-de-inspecao-no-aumento-da-produtividade#breadcrumb","itemListElement":[{"@type":"ListItem","position":1,"name":"In\u00edcio","item":"https:\/\/industriall.ai\/blog\/"},{"@type":"ListItem","position":2,"name":"Impacto da Rota de Inspe\u00e7\u00e3o no aumento da produtividade"}]},{"@type":"WebSite","@id":"https:\/\/industriall.ai\/blog\/#website","url":"https:\/\/industriall.ai\/blog\/","name":"Blog IndustriALL","description":"","publisher":{"@id":"https:\/\/industriall.ai\/blog\/#organization"},"potentialAction":[{"@type":"SearchAction","target":{"@type":"EntryPoint","urlTemplate":"https:\/\/industriall.ai\/blog\/?s={search_term_string}"},"query-input":"required name=search_term_string"}],"inLanguage":"pt-BR"},{"@type":"Organization","@id":"https:\/\/industriall.ai\/blog\/#organization","name":"IndustriALL","url":"https:\/\/industriall.ai\/blog\/","logo":{"@type":"ImageObject","inLanguage":"pt-BR","@id":"https:\/\/industriall.ai\/blog\/#\/schema\/logo\/image\/","url":"https:\/\/industriall.ai\/blog\/wp-content\/uploads\/2020\/08\/INDUSTRIALL-FUNDO-CLARO.png","contentUrl":"https:\/\/industriall.ai\/blog\/wp-content\/uploads\/2020\/08\/INDUSTRIALL-FUNDO-CLARO.png","width":1001,"height":102,"caption":"IndustriALL"},"image":{"@id":"https:\/\/industriall.ai\/blog\/#\/schema\/logo\/image\/"},"sameAs":["https:\/\/www.instagram.com\/industriall.ai\/"]}]}},"_links":{"self":[{"href":"https:\/\/industriall.ai\/blog\/wp-json\/wp\/v2\/pages\/12433"}],"collection":[{"href":"https:\/\/industriall.ai\/blog\/wp-json\/wp\/v2\/pages"}],"about":[{"href":"https:\/\/industriall.ai\/blog\/wp-json\/wp\/v2\/types\/page"}],"author":[{"embeddable":true,"href":"https:\/\/industriall.ai\/blog\/wp-json\/wp\/v2\/users\/5"}],"replies":[{"embeddable":true,"href":"https:\/\/industriall.ai\/blog\/wp-json\/wp\/v2\/comments?post=12433"}],"version-history":[{"count":0,"href":"https:\/\/industriall.ai\/blog\/wp-json\/wp\/v2\/pages\/12433\/revisions"}],"wp:featuredmedia":[{"embeddable":true,"href":"https:\/\/industriall.ai\/blog\/wp-json\/wp\/v2\/media\/12453"}],"wp:attachment":[{"href":"https:\/\/industriall.ai\/blog\/wp-json\/wp\/v2\/media?parent=12433"}],"curies":[{"name":"wp","href":"https:\/\/api.w.org\/{rel}","templated":true}]}}