{"id":12261,"date":"2021-05-31T09:28:53","date_gmt":"2021-05-31T12:28:53","guid":{"rendered":"https:\/\/industriall.ai\/blog\/?page_id=12261"},"modified":"2022-07-26T14:54:11","modified_gmt":"2022-07-26T17:54:11","slug":"o-que-e-o-numero-kappa","status":"publish","type":"page","link":"https:\/\/industriall.ai\/blog\/o-que-e-o-numero-kappa","title":{"rendered":"O que \u00e9 o n\u00famero Kappa?"},"content":{"rendered":"\t\t<div data-elementor-type=\"wp-page\" data-elementor-id=\"12261\" class=\"elementor elementor-12261\">\n\t\t\t\t\t\t<div class=\"elementor-inner\">\n\t\t\t\t<div class=\"elementor-section-wrap\">\n\t\t\t\t\t\t\t\t\t<section class=\"elementor-section elementor-top-section elementor-element elementor-element-61143d9c elementor-section-height-min-height elementor-section-boxed elementor-section-height-default elementor-section-items-middle\" data-id=\"61143d9c\" data-element_type=\"section\" data-settings=\"{&quot;background_background&quot;:&quot;classic&quot;}\">\n\t\t\t\t\t\t\t<div class=\"elementor-background-overlay\"><\/div>\n\t\t\t\t\t\t\t<div class=\"elementor-container elementor-column-gap-no\">\n\t\t\t\t\t\t\t<div class=\"elementor-row\">\n\t\t\t\t\t<div class=\"elementor-column elementor-col-100 elementor-top-column elementor-element elementor-element-63d2f46a\" data-id=\"63d2f46a\" data-element_type=\"column\" data-settings=\"{&quot;background_background&quot;:&quot;classic&quot;}\">\n\t\t\t<div class=\"elementor-column-wrap elementor-element-populated\">\n\t\t\t\t\t\t\t<div class=\"elementor-widget-wrap\">\n\t\t\t\t\t\t<div class=\"elementor-element elementor-element-f3bc21c elementor-widget elementor-widget-heading\" data-id=\"f3bc21c\" data-element_type=\"widget\" data-widget_type=\"heading.default\">\n\t\t\t\t<div class=\"elementor-widget-container\">\n\t\t\t<h1 class=\"elementor-heading-title elementor-size-default\">O que \u00e9 o Kappa? Qual a sua import\u00e2ncia dentro da Ind\u00fastria de papel e celulose?<\/h1>\t\t<\/div>\n\t\t\t\t<\/div>\n\t\t\t\t<div class=\"elementor-element elementor-element-3ba0af1b elementor-widget-divider--view-line elementor-widget elementor-widget-divider\" data-id=\"3ba0af1b\" data-element_type=\"widget\" data-widget_type=\"divider.default\">\n\t\t\t\t<div class=\"elementor-widget-container\">\n\t\t\t\t\t<div class=\"elementor-divider\">\n\t\t\t<span class=\"elementor-divider-separator\">\n\t\t\t\t\t\t<\/span>\n\t\t<\/div>\n\t\t\t\t<\/div>\n\t\t\t\t<\/div>\n\t\t\t\t<div class=\"elementor-element elementor-element-a64d42b elementor-button-align-end elementor-widget elementor-widget-form\" data-id=\"a64d42b\" data-element_type=\"widget\" data-settings=\"{&quot;step_next_label&quot;:&quot;Next&quot;,&quot;step_previous_label&quot;:&quot;Previous&quot;,&quot;button_width&quot;:&quot;100&quot;,&quot;step_type&quot;:&quot;number_text&quot;,&quot;step_icon_shape&quot;:&quot;circle&quot;}\" data-widget_type=\"form.default\">\n\t\t\t\t<div class=\"elementor-widget-container\">\n\t\t\t\t\t<form class=\"elementor-form\" method=\"post\" name=\"New Form\">\n\t\t\t<input type=\"hidden\" name=\"post_id\" value=\"12261\"\/>\n\t\t\t<input type=\"hidden\" name=\"form_id\" value=\"a64d42b\"\/>\n\n\t\t\t\n\t\t\t<div class=\"elementor-form-fields-wrapper elementor-labels-above\">\n\t\t\t\t\t\t\t\t<div class=\"elementor-field-type-text elementor-field-group elementor-column elementor-field-group-name elementor-col-50 elementor-field-required\">\n\t\t\t\t\t<label for=\"form-field-name\" class=\"elementor-field-label\">Nome<\/label><input size=\"1\" type=\"text\" name=\"form_fields[name]\" id=\"form-field-name\" class=\"elementor-field elementor-size-sm  elementor-field-textual\" required=\"required\" aria-required=\"true\">\t\t\t\t<\/div>\n\t\t\t\t\t\t\t\t<div class=\"elementor-field-type-email elementor-field-group elementor-column elementor-field-group-email elementor-col-50 elementor-field-required\">\n\t\t\t\t\t<label for=\"form-field-email\" class=\"elementor-field-label\">E-mail<\/label><input size=\"1\" type=\"email\" name=\"form_fields[email]\" id=\"form-field-email\" class=\"elementor-field elementor-size-sm  elementor-field-textual\" required=\"required\" aria-required=\"true\">\t\t\t\t<\/div>\n\t\t\t\t\t\t\t\t<div class=\"elementor-field-type-text elementor-field-group elementor-column elementor-field-group-field_7f195aa elementor-col-50 elementor-field-required\">\n\t\t\t\t\t<label for=\"form-field-field_7f195aa\" class=\"elementor-field-label\">Cargo<\/label><input size=\"1\" type=\"text\" name=\"form_fields[field_7f195aa]\" id=\"form-field-field_7f195aa\" class=\"elementor-field elementor-size-sm  elementor-field-textual\" required=\"required\" aria-required=\"true\">\t\t\t\t<\/div>\n\t\t\t\t\t\t\t\t<div class=\"elementor-field-type-text elementor-field-group elementor-column elementor-field-group-field_5cdb260 elementor-col-50 elementor-field-required\">\n\t\t\t\t\t<label for=\"form-field-field_5cdb260\" class=\"elementor-field-label\">Empresa<\/label><input size=\"1\" type=\"text\" name=\"form_fields[field_5cdb260]\" id=\"form-field-field_5cdb260\" class=\"elementor-field elementor-size-sm  elementor-field-textual\" required=\"required\" aria-required=\"true\">\t\t\t\t<\/div>\n\t\t\t\t\t\t\t\t<div class=\"elementor-field-group elementor-column elementor-field-type-submit elementor-col-100 e-form__buttons\">\n\t\t\t\t\t<button type=\"submit\" class=\"elementor-button elementor-size-sm elementor-animation-float\">\n\t\t\t\t\t\t<span >\n\t\t\t\t\t\t\t\t\t\t\t\t\t\t\t<span class=\"elementor-align-icon-right elementor-button-icon\">\n\t\t\t\t\t\t\t\t\t<i aria-hidden=\"true\" class=\"fas fa-arrow-right\"><\/i>\t\t\t\t\t\t\t\t\t\t\t\t\t\t\t\t\t<\/span>\n\t\t\t\t\t\t\t\t\t\t\t\t\t\t\t\t\t\t\t\t\t\t<span class=\"elementor-button-text\">Baixe agora<\/span>\n\t\t\t\t\t\t\t\t\t\t\t\t\t<\/span>\n\t\t\t\t\t<\/button>\n\t\t\t\t<\/div>\n\t\t\t<\/div>\n\t\t<\/form>\n\t\t\t\t<\/div>\n\t\t\t\t<\/div>\n\t\t\t\t\t\t<\/div>\n\t\t\t\t\t<\/div>\n\t\t<\/div>\n\t\t\t\t\t\t\t\t<\/div>\n\t\t\t\t\t<\/div>\n\t\t<\/section>\n\t\t\t\t<section class=\"elementor-section elementor-top-section elementor-element elementor-element-6f7c4adc elementor-section-boxed elementor-section-height-default elementor-section-height-default\" data-id=\"6f7c4adc\" data-element_type=\"section\" data-settings=\"{&quot;background_background&quot;:&quot;classic&quot;}\">\n\t\t\t\t\t\t<div class=\"elementor-container elementor-column-gap-default\">\n\t\t\t\t\t\t\t<div class=\"elementor-row\">\n\t\t\t\t\t<div class=\"elementor-column elementor-col-33 elementor-top-column elementor-element elementor-element-537cddf4\" data-id=\"537cddf4\" data-element_type=\"column\">\n\t\t\t<div class=\"elementor-column-wrap elementor-element-populated\">\n\t\t\t\t\t\t\t<div class=\"elementor-widget-wrap\">\n\t\t\t\t\t\t<div class=\"elementor-element elementor-element-6a393096 elementor-position-left elementor-vertical-align-top elementor-widget elementor-widget-image-box\" data-id=\"6a393096\" data-element_type=\"widget\" data-widget_type=\"image-box.default\">\n\t\t\t\t<div class=\"elementor-widget-container\">\n\t\t\t<div class=\"elementor-image-box-wrapper\"><figure class=\"elementor-image-box-img\"><img src=\"https:\/\/industriall.ai\/blog\/wp-content\/uploads\/2021\/05\/34-1.png\" title=\"\" alt=\"\" \/><\/figure><div class=\"elementor-image-box-content\"><h3 class=\"elementor-image-box-title\">O que \u00e9?<\/h3><p class=\"elementor-image-box-description\">Saiba mais sobre a defini\u00e7\u00e3o do n\u00famero Kappa.<\/p><\/div><\/div>\t\t<\/div>\n\t\t\t\t<\/div>\n\t\t\t\t\t\t<\/div>\n\t\t\t\t\t<\/div>\n\t\t<\/div>\n\t\t\t\t<div class=\"elementor-column elementor-col-33 elementor-top-column elementor-element elementor-element-3787fdbe\" data-id=\"3787fdbe\" data-element_type=\"column\">\n\t\t\t<div class=\"elementor-column-wrap elementor-element-populated\">\n\t\t\t\t\t\t\t<div class=\"elementor-widget-wrap\">\n\t\t\t\t\t\t<div class=\"elementor-element elementor-element-1d9e0f9c elementor-position-left elementor-vertical-align-top elementor-widget elementor-widget-image-box\" data-id=\"1d9e0f9c\" data-element_type=\"widget\" data-widget_type=\"image-box.default\">\n\t\t\t\t<div class=\"elementor-widget-container\">\n\t\t\t<div class=\"elementor-image-box-wrapper\"><figure class=\"elementor-image-box-img\"><img src=\"https:\/\/industriall.ai\/blog\/wp-content\/uploads\/2021\/05\/31-1.png\" title=\"\" alt=\"\" \/><\/figure><div class=\"elementor-image-box-content\"><h3 class=\"elementor-image-box-title\">Processo<\/h3><p class=\"elementor-image-box-description\">Entenda como o Kappa influencia na Ind\u00fastria de papel e celulose<\/p><\/div><\/div>\t\t<\/div>\n\t\t\t\t<\/div>\n\t\t\t\t\t\t<\/div>\n\t\t\t\t\t<\/div>\n\t\t<\/div>\n\t\t\t\t<div class=\"elementor-column elementor-col-33 elementor-top-column elementor-element elementor-element-17a13724\" data-id=\"17a13724\" data-element_type=\"column\">\n\t\t\t<div class=\"elementor-column-wrap elementor-element-populated\">\n\t\t\t\t\t\t\t<div class=\"elementor-widget-wrap\">\n\t\t\t\t\t\t<div class=\"elementor-element elementor-element-65c39002 elementor-position-left elementor-vertical-align-top elementor-widget elementor-widget-image-box\" data-id=\"65c39002\" data-element_type=\"widget\" data-widget_type=\"image-box.default\">\n\t\t\t\t<div class=\"elementor-widget-container\">\n\t\t\t<div class=\"elementor-image-box-wrapper\"><figure class=\"elementor-image-box-img\"><img src=\"https:\/\/industriall.ai\/blog\/wp-content\/uploads\/2021\/05\/32-1.png\" title=\"\" alt=\"\" \/><\/figure><div class=\"elementor-image-box-content\"><h3 class=\"elementor-image-box-title\">Previs\u00e3o<\/h3><p class=\"elementor-image-box-description\">E se voc\u00ea pudesse prever o n\u00famero  kappa? Entenda mais baixando nosso e-book!<\/p><\/div><\/div>\t\t<\/div>\n\t\t\t\t<\/div>\n\t\t\t\t\t\t<\/div>\n\t\t\t\t\t<\/div>\n\t\t<\/div>\n\t\t\t\t\t\t\t\t<\/div>\n\t\t\t\t\t<\/div>\n\t\t<\/section>\n\t\t\t\t<section class=\"elementor-section elementor-top-section elementor-element elementor-element-90e87b9 elementor-section-boxed elementor-section-height-default elementor-section-height-default\" data-id=\"90e87b9\" data-element_type=\"section\" data-settings=\"{&quot;background_background&quot;:&quot;classic&quot;}\">\n\t\t\t\t\t\t<div class=\"elementor-container elementor-column-gap-default\">\n\t\t\t\t\t\t\t<div class=\"elementor-row\">\n\t\t\t\t\t<div class=\"elementor-column elementor-col-100 elementor-top-column elementor-element elementor-element-7fc2747a\" data-id=\"7fc2747a\" data-element_type=\"column\">\n\t\t\t<div class=\"elementor-column-wrap elementor-element-populated\">\n\t\t\t\t\t\t\t<div class=\"elementor-widget-wrap\">\n\t\t\t\t\t\t<div class=\"elementor-element elementor-element-479ed14b elementor-widget elementor-widget-heading\" data-id=\"479ed14b\" data-element_type=\"widget\" data-widget_type=\"heading.default\">\n\t\t\t\t<div class=\"elementor-widget-container\">\n\t\t\t<h3 class=\"elementor-heading-title elementor-size-default\">Contate-nos<\/h3>\t\t<\/div>\n\t\t\t\t<\/div>\n\t\t\t\t<div class=\"elementor-element elementor-element-4288896e elementor-widget-divider--view-line elementor-widget elementor-widget-divider\" data-id=\"4288896e\" data-element_type=\"widget\" data-widget_type=\"divider.default\">\n\t\t\t\t<div class=\"elementor-widget-container\">\n\t\t\t\t\t<div class=\"elementor-divider\">\n\t\t\t<span class=\"elementor-divider-separator\">\n\t\t\t\t\t\t<\/span>\n\t\t<\/div>\n\t\t\t\t<\/div>\n\t\t\t\t<\/div>\n\t\t\t\t<div class=\"elementor-element elementor-element-3e8cb49f elementor-widget elementor-widget-text-editor\" data-id=\"3e8cb49f\" data-element_type=\"widget\" data-widget_type=\"text-editor.default\">\n\t\t\t\t<div class=\"elementor-widget-container\">\n\t\t\t\t\t\t\t\t<div class=\"elementor-text-editor elementor-clearfix\">\n\t\t\t\t<p>Se voc\u00ea tiver alguma d\u00favida sobre o iOMNIA, n\u00e3o perca tempo, nos envie uma mensagem com sua d\u00favida.<\/p>\t\t\t\t\t<\/div>\n\t\t\t\t\t\t<\/div>\n\t\t\t\t<\/div>\n\t\t\t\t<section class=\"elementor-section elementor-inner-section elementor-element elementor-element-46a5859f elementor-section-boxed elementor-section-height-default elementor-section-height-default\" data-id=\"46a5859f\" data-element_type=\"section\">\n\t\t\t\t\t\t<div class=\"elementor-container elementor-column-gap-default\">\n\t\t\t\t\t\t\t<div class=\"elementor-row\">\n\t\t\t\t\t<div class=\"elementor-column elementor-col-100 elementor-inner-column elementor-element elementor-element-05f4146\" data-id=\"05f4146\" data-element_type=\"column\">\n\t\t\t<div class=\"elementor-column-wrap elementor-element-populated\">\n\t\t\t\t\t\t\t<div class=\"elementor-widget-wrap\">\n\t\t\t\t\t\t<div class=\"elementor-element elementor-element-5010097 elementor-widget elementor-widget-heading\" data-id=\"5010097\" data-element_type=\"widget\" data-widget_type=\"heading.default\">\n\t\t\t\t<div class=\"elementor-widget-container\">\n\t\t\t<h4 class=\"elementor-heading-title elementor-size-default\">Quer saber mais sobre o iOMNIA?<br><b>Fale conosco<\/b><\/h4>\t\t<\/div>\n\t\t\t\t<\/div>\n\t\t\t\t\t\t<\/div>\n\t\t\t\t\t<\/div>\n\t\t<\/div>\n\t\t\t\t\t\t\t\t<\/div>\n\t\t\t\t\t<\/div>\n\t\t<\/section>\n\t\t\t\t<div class=\"elementor-element elementor-element-d85b15a elementor-button-align-start elementor-widget elementor-widget-form\" data-id=\"d85b15a\" data-element_type=\"widget\" data-settings=\"{&quot;step_next_label&quot;:&quot;Next&quot;,&quot;step_previous_label&quot;:&quot;Previous&quot;,&quot;button_width&quot;:&quot;40&quot;,&quot;step_type&quot;:&quot;number_text&quot;,&quot;step_icon_shape&quot;:&quot;circle&quot;}\" data-widget_type=\"form.default\">\n\t\t\t\t<div class=\"elementor-widget-container\">\n\t\t\t\t\t<form class=\"elementor-form\" method=\"post\" name=\"New Form\">\n\t\t\t<input type=\"hidden\" name=\"post_id\" value=\"12261\"\/>\n\t\t\t<input type=\"hidden\" name=\"form_id\" value=\"d85b15a\"\/>\n\n\t\t\t\n\t\t\t<div class=\"elementor-form-fields-wrapper elementor-labels-\">\n\t\t\t\t\t\t\t\t<div class=\"elementor-field-type-text elementor-field-group elementor-column elementor-field-group-name elementor-col-100 elementor-field-required\">\n\t\t\t\t\t<label for=\"form-field-name\" class=\"elementor-field-label elementor-screen-only\">Nome<\/label><input size=\"1\" type=\"text\" name=\"form_fields[name]\" id=\"form-field-name\" class=\"elementor-field elementor-size-sm  elementor-field-textual\" placeholder=\"Nome\" required=\"required\" aria-required=\"true\">\t\t\t\t<\/div>\n\t\t\t\t\t\t\t\t<div class=\"elementor-field-type-email elementor-field-group elementor-column elementor-field-group-field_1 elementor-col-100 elementor-field-required\">\n\t\t\t\t\t<label for=\"form-field-field_1\" class=\"elementor-field-label elementor-screen-only\">Email<\/label><input size=\"1\" type=\"email\" name=\"form_fields[field_1]\" id=\"form-field-field_1\" class=\"elementor-field elementor-size-sm  elementor-field-textual\" placeholder=\"Email\" required=\"required\" aria-required=\"true\">\t\t\t\t<\/div>\n\t\t\t\t\t\t\t\t<div class=\"elementor-field-type-textarea elementor-field-group elementor-column elementor-field-group-message elementor-col-100\">\n\t\t\t\t\t<label for=\"form-field-message\" class=\"elementor-field-label elementor-screen-only\">Mensagem<\/label><textarea class=\"elementor-field-textual elementor-field  elementor-size-sm\" name=\"form_fields[message]\" id=\"form-field-message\" rows=\"4\" placeholder=\"Mensagem\"><\/textarea>\t\t\t\t<\/div>\n\t\t\t\t\t\t\t\t<div class=\"elementor-field-group elementor-column elementor-field-type-submit elementor-col-40 e-form__buttons\">\n\t\t\t\t\t<button type=\"submit\" class=\"elementor-button elementor-size-sm\">\n\t\t\t\t\t\t<span >\n\t\t\t\t\t\t\t\t\t\t\t\t\t\t\t<span class=\"elementor-align-icon-right elementor-button-icon\">\n\t\t\t\t\t\t\t\t\t<i aria-hidden=\"true\" class=\"fas fa-arrow-right\"><\/i>\t\t\t\t\t\t\t\t\t\t\t\t\t\t\t\t\t<\/span>\n\t\t\t\t\t\t\t\t\t\t\t\t\t\t\t\t\t\t\t\t\t\t<span class=\"elementor-button-text\">Enviar<\/span>\n\t\t\t\t\t\t\t\t\t\t\t\t\t<\/span>\n\t\t\t\t\t<\/button>\n\t\t\t\t<\/div>\n\t\t\t<\/div>\n\t\t<\/form>\n\t\t\t\t<\/div>\n\t\t\t\t<\/div>\n\t\t\t\t\t\t<\/div>\n\t\t\t\t\t<\/div>\n\t\t<\/div>\n\t\t\t\t\t\t\t\t<\/div>\n\t\t\t\t\t<\/div>\n\t\t<\/section>\n\t\t\t\t\t\t\t\t\t<\/div>\n\t\t\t<\/div>\n\t\t\t\t\t<\/div>\n\t\t","protected":false},"excerpt":{"rendered":"<p>O que \u00e9 o Kappa? Qual a sua import\u00e2ncia dentro da Ind\u00fastria de papel e celulose? O que \u00e9? Saiba mais sobre a defini\u00e7\u00e3o do n\u00famero Kappa. Processo Entenda como o Kappa influencia na Ind\u00fastria de papel e celulose Previs\u00e3o E se voc\u00ea pudesse prever o n\u00famero kappa? Entenda mais baixando nosso e-book! Contate-nos Se [&hellip;]<\/p>\n","protected":false},"author":5,"featured_media":12285,"parent":0,"menu_order":0,"comment_status":"closed","ping_status":"closed","template":"elementor_canvas","meta":{"inline_featured_image":false},"yoast_head":"<!-- This site is optimized with the Yoast SEO plugin v20.6 - https:\/\/yoast.com\/wordpress\/plugins\/seo\/ -->\n<title>O que \u00e9 o n\u00famero Kappa?<\/title>\n<meta name=\"description\" content=\"Saiba mais sobre a defini\u00e7\u00e3o do n\u00famero Kappa e como ele influencia na ind\u00fastria de Papel e Celulose.\" \/>\n<meta name=\"robots\" content=\"index, follow, max-snippet:-1, max-image-preview:large, max-video-preview:-1\" \/>\n<link rel=\"canonical\" href=\"https:\/\/industriall.ai\/blog\/o-que-e-o-numero-kappa\" \/>\n<meta property=\"og:locale\" content=\"pt_BR\" \/>\n<meta property=\"og:type\" content=\"article\" \/>\n<meta property=\"og:title\" content=\"O que \u00e9 o n\u00famero Kappa?\" \/>\n<meta property=\"og:description\" content=\"Saiba mais sobre a defini\u00e7\u00e3o do n\u00famero Kappa e como ele influencia na ind\u00fastria de Papel e Celulose.\" \/>\n<meta property=\"og:url\" content=\"https:\/\/industriall.ai\/blog\/o-que-e-o-numero-kappa\" \/>\n<meta property=\"og:site_name\" content=\"Blog IndustriALL\" \/>\n<meta property=\"article:modified_time\" content=\"2022-07-26T17:54:11+00:00\" \/>\n<meta property=\"og:image\" content=\"https:\/\/industriall.ai\/blog\/wp-content\/uploads\/2021\/05\/Prancheta-3-100-1.jpg\" \/>\n\t<meta property=\"og:image:width\" content=\"4000\" \/>\n\t<meta property=\"og:image:height\" content=\"4800\" \/>\n\t<meta property=\"og:image:type\" content=\"image\/jpeg\" \/>\n<meta name=\"twitter:card\" content=\"summary_large_image\" \/>\n<meta name=\"twitter:label1\" content=\"Est. tempo de leitura\" \/>\n\t<meta name=\"twitter:data1\" content=\"2 minutos\" \/>\n<script type=\"application\/ld+json\" class=\"yoast-schema-graph\">{\"@context\":\"https:\/\/schema.org\",\"@graph\":[{\"@type\":\"WebPage\",\"@id\":\"https:\/\/industriall.ai\/blog\/o-que-e-o-numero-kappa\",\"url\":\"https:\/\/industriall.ai\/blog\/o-que-e-o-numero-kappa\",\"name\":\"O que \u00e9 o n\u00famero Kappa?\",\"isPartOf\":{\"@id\":\"https:\/\/industriall.ai\/blog\/#website\"},\"datePublished\":\"2021-05-31T12:28:53+00:00\",\"dateModified\":\"2022-07-26T17:54:11+00:00\",\"description\":\"Saiba mais sobre a defini\u00e7\u00e3o do n\u00famero Kappa e como ele influencia na ind\u00fastria de Papel e Celulose.\",\"breadcrumb\":{\"@id\":\"https:\/\/industriall.ai\/blog\/o-que-e-o-numero-kappa#breadcrumb\"},\"inLanguage\":\"pt-BR\",\"potentialAction\":[{\"@type\":\"ReadAction\",\"target\":[\"https:\/\/industriall.ai\/blog\/o-que-e-o-numero-kappa\"]}]},{\"@type\":\"BreadcrumbList\",\"@id\":\"https:\/\/industriall.ai\/blog\/o-que-e-o-numero-kappa#breadcrumb\",\"itemListElement\":[{\"@type\":\"ListItem\",\"position\":1,\"name\":\"In\u00edcio\",\"item\":\"https:\/\/industriall.ai\/blog\/\"},{\"@type\":\"ListItem\",\"position\":2,\"name\":\"O que \u00e9 o n\u00famero Kappa?\"}]},{\"@type\":\"WebSite\",\"@id\":\"https:\/\/industriall.ai\/blog\/#website\",\"url\":\"https:\/\/industriall.ai\/blog\/\",\"name\":\"Blog IndustriALL\",\"description\":\"\",\"publisher\":{\"@id\":\"https:\/\/industriall.ai\/blog\/#organization\"},\"potentialAction\":[{\"@type\":\"SearchAction\",\"target\":{\"@type\":\"EntryPoint\",\"urlTemplate\":\"https:\/\/industriall.ai\/blog\/?s={search_term_string}\"},\"query-input\":\"required name=search_term_string\"}],\"inLanguage\":\"pt-BR\"},{\"@type\":\"Organization\",\"@id\":\"https:\/\/industriall.ai\/blog\/#organization\",\"name\":\"IndustriALL\",\"url\":\"https:\/\/industriall.ai\/blog\/\",\"logo\":{\"@type\":\"ImageObject\",\"inLanguage\":\"pt-BR\",\"@id\":\"https:\/\/industriall.ai\/blog\/#\/schema\/logo\/image\/\",\"url\":\"https:\/\/industriall.ai\/blog\/wp-content\/uploads\/2020\/08\/INDUSTRIALL-FUNDO-CLARO.png\",\"contentUrl\":\"https:\/\/industriall.ai\/blog\/wp-content\/uploads\/2020\/08\/INDUSTRIALL-FUNDO-CLARO.png\",\"width\":1001,\"height\":102,\"caption\":\"IndustriALL\"},\"image\":{\"@id\":\"https:\/\/industriall.ai\/blog\/#\/schema\/logo\/image\/\"},\"sameAs\":[\"https:\/\/www.instagram.com\/industriall.ai\/\"]}]}<\/script>\n<!-- \/ Yoast SEO plugin. -->","yoast_head_json":{"title":"O que \u00e9 o n\u00famero Kappa?","description":"Saiba mais sobre a defini\u00e7\u00e3o do n\u00famero Kappa e como ele influencia na ind\u00fastria de Papel e Celulose.","robots":{"index":"index","follow":"follow","max-snippet":"max-snippet:-1","max-image-preview":"max-image-preview:large","max-video-preview":"max-video-preview:-1"},"canonical":"https:\/\/industriall.ai\/blog\/o-que-e-o-numero-kappa","og_locale":"pt_BR","og_type":"article","og_title":"O que \u00e9 o n\u00famero Kappa?","og_description":"Saiba mais sobre a defini\u00e7\u00e3o do n\u00famero Kappa e como ele influencia na ind\u00fastria de Papel e Celulose.","og_url":"https:\/\/industriall.ai\/blog\/o-que-e-o-numero-kappa","og_site_name":"Blog IndustriALL","article_modified_time":"2022-07-26T17:54:11+00:00","og_image":[{"width":4000,"height":4800,"url":"https:\/\/industriall.ai\/blog\/wp-content\/uploads\/2021\/05\/Prancheta-3-100-1.jpg","type":"image\/jpeg"}],"twitter_card":"summary_large_image","twitter_misc":{"Est. tempo de leitura":"2 minutos"},"schema":{"@context":"https:\/\/schema.org","@graph":[{"@type":"WebPage","@id":"https:\/\/industriall.ai\/blog\/o-que-e-o-numero-kappa","url":"https:\/\/industriall.ai\/blog\/o-que-e-o-numero-kappa","name":"O que \u00e9 o n\u00famero Kappa?","isPartOf":{"@id":"https:\/\/industriall.ai\/blog\/#website"},"datePublished":"2021-05-31T12:28:53+00:00","dateModified":"2022-07-26T17:54:11+00:00","description":"Saiba mais sobre a defini\u00e7\u00e3o do n\u00famero Kappa e como ele influencia na ind\u00fastria de Papel e Celulose.","breadcrumb":{"@id":"https:\/\/industriall.ai\/blog\/o-que-e-o-numero-kappa#breadcrumb"},"inLanguage":"pt-BR","potentialAction":[{"@type":"ReadAction","target":["https:\/\/industriall.ai\/blog\/o-que-e-o-numero-kappa"]}]},{"@type":"BreadcrumbList","@id":"https:\/\/industriall.ai\/blog\/o-que-e-o-numero-kappa#breadcrumb","itemListElement":[{"@type":"ListItem","position":1,"name":"In\u00edcio","item":"https:\/\/industriall.ai\/blog\/"},{"@type":"ListItem","position":2,"name":"O que \u00e9 o n\u00famero Kappa?"}]},{"@type":"WebSite","@id":"https:\/\/industriall.ai\/blog\/#website","url":"https:\/\/industriall.ai\/blog\/","name":"Blog IndustriALL","description":"","publisher":{"@id":"https:\/\/industriall.ai\/blog\/#organization"},"potentialAction":[{"@type":"SearchAction","target":{"@type":"EntryPoint","urlTemplate":"https:\/\/industriall.ai\/blog\/?s={search_term_string}"},"query-input":"required name=search_term_string"}],"inLanguage":"pt-BR"},{"@type":"Organization","@id":"https:\/\/industriall.ai\/blog\/#organization","name":"IndustriALL","url":"https:\/\/industriall.ai\/blog\/","logo":{"@type":"ImageObject","inLanguage":"pt-BR","@id":"https:\/\/industriall.ai\/blog\/#\/schema\/logo\/image\/","url":"https:\/\/industriall.ai\/blog\/wp-content\/uploads\/2020\/08\/INDUSTRIALL-FUNDO-CLARO.png","contentUrl":"https:\/\/industriall.ai\/blog\/wp-content\/uploads\/2020\/08\/INDUSTRIALL-FUNDO-CLARO.png","width":1001,"height":102,"caption":"IndustriALL"},"image":{"@id":"https:\/\/industriall.ai\/blog\/#\/schema\/logo\/image\/"},"sameAs":["https:\/\/www.instagram.com\/industriall.ai\/"]}]}},"_links":{"self":[{"href":"https:\/\/industriall.ai\/blog\/wp-json\/wp\/v2\/pages\/12261"}],"collection":[{"href":"https:\/\/industriall.ai\/blog\/wp-json\/wp\/v2\/pages"}],"about":[{"href":"https:\/\/industriall.ai\/blog\/wp-json\/wp\/v2\/types\/page"}],"author":[{"embeddable":true,"href":"https:\/\/industriall.ai\/blog\/wp-json\/wp\/v2\/users\/5"}],"replies":[{"embeddable":true,"href":"https:\/\/industriall.ai\/blog\/wp-json\/wp\/v2\/comments?post=12261"}],"version-history":[{"count":0,"href":"https:\/\/industriall.ai\/blog\/wp-json\/wp\/v2\/pages\/12261\/revisions"}],"wp:featuredmedia":[{"embeddable":true,"href":"https:\/\/industriall.ai\/blog\/wp-json\/wp\/v2\/media\/12285"}],"wp:attachment":[{"href":"https:\/\/industriall.ai\/blog\/wp-json\/wp\/v2\/media?parent=12261"}],"curies":[{"name":"wp","href":"https:\/\/api.w.org\/{rel}","templated":true}]}}