{"id":12132,"date":"2021-05-19T13:31:44","date_gmt":"2021-05-19T16:31:44","guid":{"rendered":"https:\/\/industriall.ai\/blog\/?page_id=12132"},"modified":"2022-07-26T15:13:12","modified_gmt":"2022-07-26T18:13:12","slug":"9-dicas-para-organizar-suas-reunioes-utilizando-o-iprimum","status":"publish","type":"page","link":"https:\/\/industriall.ai\/blog\/9-dicas-para-organizar-suas-reunioes-utilizando-o-iprimum","title":{"rendered":"9 dicas para organizar suas reuni\u00f5es utilizando o iPRIMUM"},"content":{"rendered":"\t\t<div data-elementor-type=\"wp-page\" data-elementor-id=\"12132\" class=\"elementor elementor-12132\">\n\t\t\t\t\t\t<div class=\"elementor-inner\">\n\t\t\t\t<div class=\"elementor-section-wrap\">\n\t\t\t\t\t\t\t\t\t<section class=\"elementor-section elementor-top-section elementor-element elementor-element-53c18ea6 elementor-section-content-middle elementor-section-boxed elementor-section-height-default elementor-section-height-default\" data-id=\"53c18ea6\" data-element_type=\"section\" data-settings=\"{&quot;background_background&quot;:&quot;classic&quot;}\">\n\t\t\t\t\t\t<div class=\"elementor-container elementor-column-gap-no\">\n\t\t\t\t\t\t\t<div class=\"elementor-row\">\n\t\t\t\t\t<div class=\"elementor-column elementor-col-100 elementor-top-column elementor-element elementor-element-18c042e1\" data-id=\"18c042e1\" data-element_type=\"column\">\n\t\t\t<div class=\"elementor-column-wrap elementor-element-populated\">\n\t\t\t\t\t\t\t<div class=\"elementor-widget-wrap\">\n\t\t\t\t\t\t<div class=\"elementor-element elementor-element-e522a0c elementor-widget elementor-widget-spacer\" data-id=\"e522a0c\" data-element_type=\"widget\" data-widget_type=\"spacer.default\">\n\t\t\t\t<div class=\"elementor-widget-container\">\n\t\t\t\t\t<div class=\"elementor-spacer\">\n\t\t\t<div class=\"elementor-spacer-inner\"><\/div>\n\t\t<\/div>\n\t\t\t\t<\/div>\n\t\t\t\t<\/div>\n\t\t\t\t\t\t<\/div>\n\t\t\t\t\t<\/div>\n\t\t<\/div>\n\t\t\t\t\t\t\t\t<\/div>\n\t\t\t\t\t<\/div>\n\t\t<\/section>\n\t\t\t\t<section class=\"elementor-section elementor-top-section elementor-element elementor-element-39f29c8f elementor-section-boxed elementor-section-height-default elementor-section-height-default\" data-id=\"39f29c8f\" data-element_type=\"section\" data-settings=\"{&quot;background_background&quot;:&quot;gradient&quot;}\">\n\t\t\t\t\t\t<div class=\"elementor-container elementor-column-gap-no\">\n\t\t\t\t\t\t\t<div class=\"elementor-row\">\n\t\t\t\t\t<div class=\"elementor-column elementor-col-100 elementor-top-column elementor-element elementor-element-488e8ce2\" data-id=\"488e8ce2\" data-element_type=\"column\">\n\t\t\t<div class=\"elementor-column-wrap elementor-element-populated\">\n\t\t\t\t\t\t\t<div class=\"elementor-widget-wrap\">\n\t\t\t\t\t\t<div class=\"elementor-element elementor-element-778ea02e elementor-widget elementor-widget-heading\" data-id=\"778ea02e\" data-element_type=\"widget\" data-widget_type=\"heading.default\">\n\t\t\t\t<div class=\"elementor-widget-container\">\n\t\t\t<h1 class=\"elementor-heading-title elementor-size-default\">9 Dicas para organizar <br>suas reuni\u00f5es utilizando<br>o <u style=\"\">iPRIMUM<\/u>!<\/h1>\t\t<\/div>\n\t\t\t\t<\/div>\n\t\t\t\t<div class=\"elementor-element elementor-element-890ed94 elementor-widget elementor-widget-spacer\" data-id=\"890ed94\" data-element_type=\"widget\" data-widget_type=\"spacer.default\">\n\t\t\t\t<div class=\"elementor-widget-container\">\n\t\t\t\t\t<div class=\"elementor-spacer\">\n\t\t\t<div class=\"elementor-spacer-inner\"><\/div>\n\t\t<\/div>\n\t\t\t\t<\/div>\n\t\t\t\t<\/div>\n\t\t\t\t<div class=\"elementor-element elementor-element-419cd45 elementor-button-align-end elementor-widget elementor-widget-form\" data-id=\"419cd45\" data-element_type=\"widget\" data-settings=\"{&quot;step_next_label&quot;:&quot;Next&quot;,&quot;step_previous_label&quot;:&quot;Previous&quot;,&quot;button_width&quot;:&quot;100&quot;,&quot;step_type&quot;:&quot;number_text&quot;,&quot;step_icon_shape&quot;:&quot;circle&quot;}\" data-widget_type=\"form.default\">\n\t\t\t\t<div class=\"elementor-widget-container\">\n\t\t\t\t\t<form class=\"elementor-form\" method=\"post\" name=\"New Form\">\n\t\t\t<input type=\"hidden\" name=\"post_id\" value=\"12132\"\/>\n\t\t\t<input type=\"hidden\" name=\"form_id\" value=\"419cd45\"\/>\n\n\t\t\t\n\t\t\t<div class=\"elementor-form-fields-wrapper elementor-labels-above\">\n\t\t\t\t\t\t\t\t<div class=\"elementor-field-type-text elementor-field-group elementor-column elementor-field-group-name elementor-col-50 elementor-field-required\">\n\t\t\t\t\t<label for=\"form-field-name\" class=\"elementor-field-label\">Nome<\/label><input size=\"1\" type=\"text\" name=\"form_fields[name]\" id=\"form-field-name\" class=\"elementor-field elementor-size-sm  elementor-field-textual\" required=\"required\" aria-required=\"true\">\t\t\t\t<\/div>\n\t\t\t\t\t\t\t\t<div class=\"elementor-field-type-email elementor-field-group elementor-column elementor-field-group-email elementor-col-50 elementor-field-required\">\n\t\t\t\t\t<label for=\"form-field-email\" class=\"elementor-field-label\">E-mail<\/label><input size=\"1\" type=\"email\" name=\"form_fields[email]\" id=\"form-field-email\" class=\"elementor-field elementor-size-sm  elementor-field-textual\" required=\"required\" aria-required=\"true\">\t\t\t\t<\/div>\n\t\t\t\t\t\t\t\t<div class=\"elementor-field-type-text elementor-field-group elementor-column elementor-field-group-field_7f195aa elementor-col-50 elementor-field-required\">\n\t\t\t\t\t<label for=\"form-field-field_7f195aa\" class=\"elementor-field-label\">Cargo<\/label><input size=\"1\" type=\"text\" name=\"form_fields[field_7f195aa]\" id=\"form-field-field_7f195aa\" class=\"elementor-field elementor-size-sm  elementor-field-textual\" required=\"required\" aria-required=\"true\">\t\t\t\t<\/div>\n\t\t\t\t\t\t\t\t<div class=\"elementor-field-type-text elementor-field-group elementor-column elementor-field-group-field_5cdb260 elementor-col-50 elementor-field-required\">\n\t\t\t\t\t<label for=\"form-field-field_5cdb260\" class=\"elementor-field-label\">Empresa<\/label><input size=\"1\" type=\"text\" name=\"form_fields[field_5cdb260]\" id=\"form-field-field_5cdb260\" class=\"elementor-field elementor-size-sm  elementor-field-textual\" required=\"required\" aria-required=\"true\">\t\t\t\t<\/div>\n\t\t\t\t\t\t\t\t<div class=\"elementor-field-type-recaptcha_v3 elementor-field-group elementor-column elementor-field-group-field_c74cc5d elementor-col-100 recaptcha_v3-bottomleft\">\n\t\t\t\t\t<div class=\"elementor-field\" id=\"form-field-field_c74cc5d\"><div class=\"elementor-g-recaptcha\" data-sitekey=\"6Le_RvkcAAAAAOVLj-V8qxXNcDMsBQ2q3f47B8KL\" data-type=\"v3\" data-action=\"Form\" data-badge=\"bottomleft\" data-size=\"invisible\"><\/div><\/div>\t\t\t\t<\/div>\n\t\t\t\t\t\t\t\t<div class=\"elementor-field-group elementor-column elementor-field-type-submit elementor-col-100 e-form__buttons\">\n\t\t\t\t\t<button type=\"submit\" class=\"elementor-button elementor-size-sm elementor-animation-float\">\n\t\t\t\t\t\t<span >\n\t\t\t\t\t\t\t\t\t\t\t\t\t\t\t<span class=\"elementor-align-icon-right elementor-button-icon\">\n\t\t\t\t\t\t\t\t\t<i aria-hidden=\"true\" class=\"fas fa-arrow-right\"><\/i>\t\t\t\t\t\t\t\t\t\t\t\t\t\t\t\t\t<\/span>\n\t\t\t\t\t\t\t\t\t\t\t\t\t\t\t\t\t\t\t\t\t\t<span class=\"elementor-button-text\">Baixe agora<\/span>\n\t\t\t\t\t\t\t\t\t\t\t\t\t<\/span>\n\t\t\t\t\t<\/button>\n\t\t\t\t<\/div>\n\t\t\t<\/div>\n\t\t<\/form>\n\t\t\t\t<\/div>\n\t\t\t\t<\/div>\n\t\t\t\t\t\t<\/div>\n\t\t\t\t\t<\/div>\n\t\t<\/div>\n\t\t\t\t\t\t\t\t<\/div>\n\t\t\t\t\t<\/div>\n\t\t<\/section>\n\t\t\t\t<section class=\"elementor-section elementor-top-section elementor-element elementor-element-571840dc elementor-section-content-middle elementor-section-boxed elementor-section-height-default elementor-section-height-default\" data-id=\"571840dc\" data-element_type=\"section\">\n\t\t\t\t\t\t<div class=\"elementor-container elementor-column-gap-no\">\n\t\t\t\t\t\t\t<div class=\"elementor-row\">\n\t\t\t\t\t<div class=\"elementor-column elementor-col-33 elementor-top-column elementor-element elementor-element-45a77d7b\" data-id=\"45a77d7b\" data-element_type=\"column\">\n\t\t\t<div class=\"elementor-column-wrap elementor-element-populated\">\n\t\t\t\t\t\t\t<div class=\"elementor-widget-wrap\">\n\t\t\t\t\t\t<div class=\"elementor-element elementor-element-571ad942 elementor-position-left elementor-view-default elementor-mobile-position-top elementor-vertical-align-top elementor-widget elementor-widget-icon-box\" data-id=\"571ad942\" data-element_type=\"widget\" data-widget_type=\"icon-box.default\">\n\t\t\t\t<div class=\"elementor-widget-container\">\n\t\t\t\t\t<div class=\"elementor-icon-box-wrapper\">\n\t\t\t\t\t\t<div class=\"elementor-icon-box-icon\">\n\t\t\t\t<span class=\"elementor-icon elementor-animation-grow\" >\n\t\t\t\t<i aria-hidden=\"true\" class=\"fas fa-tasks\"><\/i>\t\t\t\t<\/span>\n\t\t\t<\/div>\n\t\t\t\t\t\t<div class=\"elementor-icon-box-content\">\n\t\t\t\t<h4 class=\"elementor-icon-box-title\">\n\t\t\t\t\t<span  >\n\t\t\t\t\t\tDicas\t\t\t\t\t<\/span>\n\t\t\t\t<\/h4>\n\t\t\t\t\t\t\t\t\t<p class=\"elementor-icon-box-description\">\n\t\t\t\t\t\tTenha as principais dicas para suas reuni\u00f5es serem mais objetivas\t\t\t\t\t<\/p>\n\t\t\t\t\t\t\t<\/div>\n\t\t<\/div>\n\t\t\t\t<\/div>\n\t\t\t\t<\/div>\n\t\t\t\t\t\t<\/div>\n\t\t\t\t\t<\/div>\n\t\t<\/div>\n\t\t\t\t<div class=\"elementor-column elementor-col-33 elementor-top-column elementor-element elementor-element-55a9b28b\" data-id=\"55a9b28b\" data-element_type=\"column\">\n\t\t\t<div class=\"elementor-column-wrap elementor-element-populated\">\n\t\t\t\t\t\t\t<div class=\"elementor-widget-wrap\">\n\t\t\t\t\t\t<div class=\"elementor-element elementor-element-24ba4b38 elementor-position-left elementor-view-default elementor-mobile-position-top elementor-vertical-align-top elementor-widget elementor-widget-icon-box\" data-id=\"24ba4b38\" data-element_type=\"widget\" data-widget_type=\"icon-box.default\">\n\t\t\t\t<div class=\"elementor-widget-container\">\n\t\t\t\t\t<div class=\"elementor-icon-box-wrapper\">\n\t\t\t\t\t\t<div class=\"elementor-icon-box-icon\">\n\t\t\t\t<span class=\"elementor-icon elementor-animation-grow\" >\n\t\t\t\t<i aria-hidden=\"true\" class=\"fas fa-battery-full\"><\/i>\t\t\t\t<\/span>\n\t\t\t<\/div>\n\t\t\t\t\t\t<div class=\"elementor-icon-box-content\">\n\t\t\t\t<h4 class=\"elementor-icon-box-title\">\n\t\t\t\t\t<span  >\n\t\t\t\t\t\tProdutividade\t\t\t\t\t<\/span>\n\t\t\t\t<\/h4>\n\t\t\t\t\t\t\t\t\t<p class=\"elementor-icon-box-description\">\n\t\t\t\t\t\tMelhore sua produtividade e evite perda de tempo com distra\u00e7\u00f5es\t\t\t\t\t<\/p>\n\t\t\t\t\t\t\t<\/div>\n\t\t<\/div>\n\t\t\t\t<\/div>\n\t\t\t\t<\/div>\n\t\t\t\t\t\t<\/div>\n\t\t\t\t\t<\/div>\n\t\t<\/div>\n\t\t\t\t<div class=\"elementor-column elementor-col-33 elementor-top-column elementor-element elementor-element-eb7501d\" data-id=\"eb7501d\" data-element_type=\"column\">\n\t\t\t<div class=\"elementor-column-wrap elementor-element-populated\">\n\t\t\t\t\t\t\t<div class=\"elementor-widget-wrap\">\n\t\t\t\t\t\t<div class=\"elementor-element elementor-element-a9fb739 elementor-position-left elementor-view-default elementor-mobile-position-top elementor-vertical-align-top elementor-widget elementor-widget-icon-box\" data-id=\"a9fb739\" data-element_type=\"widget\" data-widget_type=\"icon-box.default\">\n\t\t\t\t<div class=\"elementor-widget-container\">\n\t\t\t\t\t<div class=\"elementor-icon-box-wrapper\">\n\t\t\t\t\t\t<div class=\"elementor-icon-box-icon\">\n\t\t\t\t<span class=\"elementor-icon elementor-animation-grow\" >\n\t\t\t\t<i aria-hidden=\"true\" class=\"fas fa-check\"><\/i>\t\t\t\t<\/span>\n\t\t\t<\/div>\n\t\t\t\t\t\t<div class=\"elementor-icon-box-content\">\n\t\t\t\t<h4 class=\"elementor-icon-box-title\">\n\t\t\t\t\t<span  >\n\t\t\t\t\t\tQualidade\t\t\t\t\t<\/span>\n\t\t\t\t<\/h4>\n\t\t\t\t\t\t\t\t\t<p class=\"elementor-icon-box-description\">\n\t\t\t\t\t\t \nSaiba como produzir uma reuni\u00e3o de qualidade\t\t\t\t\t<\/p>\n\t\t\t\t\t\t\t<\/div>\n\t\t<\/div>\n\t\t\t\t<\/div>\n\t\t\t\t<\/div>\n\t\t\t\t\t\t<\/div>\n\t\t\t\t\t<\/div>\n\t\t<\/div>\n\t\t\t\t\t\t\t\t<\/div>\n\t\t\t\t\t<\/div>\n\t\t<\/section>\n\t\t\t\t<section class=\"elementor-section elementor-top-section elementor-element elementor-element-731f9342 elementor-section-content-middle elementor-section-boxed elementor-section-height-default elementor-section-height-default\" data-id=\"731f9342\" data-element_type=\"section\" data-settings=\"{&quot;background_background&quot;:&quot;gradient&quot;}\">\n\t\t\t\t\t\t<div class=\"elementor-container elementor-column-gap-no\">\n\t\t\t\t\t\t\t<div class=\"elementor-row\">\n\t\t\t\t\t<div class=\"elementor-column elementor-col-100 elementor-top-column elementor-element elementor-element-4e0c0088\" data-id=\"4e0c0088\" data-element_type=\"column\" data-settings=\"{&quot;background_background&quot;:&quot;classic&quot;}\">\n\t\t\t<div class=\"elementor-column-wrap elementor-element-populated\">\n\t\t\t\t\t\t\t<div class=\"elementor-widget-wrap\">\n\t\t\t\t\t\t<div class=\"elementor-element elementor-element-e997e27 elementor-widget elementor-widget-image\" data-id=\"e997e27\" data-element_type=\"widget\" data-widget_type=\"image.default\">\n\t\t\t\t<div class=\"elementor-widget-container\">\n\t\t\t\t\t\t\t\t<div class=\"elementor-image\">\n\t\t\t\t\t\t\t\t\t\t\t\t<img src=\"https:\/\/industriall.ai\/blog\/wp-content\/uploads\/2021\/05\/Logo-IndustriALL-Atualizada-black.png\" title=\"\" alt=\"\" \/>\t\t\t\t\t\t\t\t\t\t\t\t\t\t<\/div>\n\t\t\t\t\t\t<\/div>\n\t\t\t\t<\/div>\n\t\t\t\t\t\t<\/div>\n\t\t\t\t\t<\/div>\n\t\t<\/div>\n\t\t\t\t\t\t\t\t<\/div>\n\t\t\t\t\t<\/div>\n\t\t<\/section>\n\t\t\t\t\t\t\t\t\t<\/div>\n\t\t\t<\/div>\n\t\t\t\t\t<\/div>\n\t\t","protected":false},"excerpt":{"rendered":"<p>9 Dicas para organizar suas reuni\u00f5es utilizandoo iPRIMUM! Dicas Tenha as principais dicas para suas reuni\u00f5es serem mais objetivas Produtividade Melhore sua produtividade e evite perda de tempo com distra\u00e7\u00f5es Qualidade Saiba como produzir uma reuni\u00e3o de qualidade<\/p>\n","protected":false},"author":5,"featured_media":0,"parent":0,"menu_order":1,"comment_status":"closed","ping_status":"closed","template":"elementor_canvas","meta":{"inline_featured_image":false},"yoast_head":"<!-- This site is optimized with the Yoast SEO plugin v20.6 - https:\/\/yoast.com\/wordpress\/plugins\/seo\/ -->\n<title>9 dicas para organizar suas reuni\u00f5es utilizando o iPRIMUM<\/title>\n<meta name=\"description\" content=\"Tenha as principais dicas para suas reuni\u00f5es serem mais objetivas, melhore sua produtividade e evite perda de tempo com distra\u00e7\u00f5es.\" \/>\n<meta name=\"robots\" content=\"index, follow, max-snippet:-1, max-image-preview:large, max-video-preview:-1\" \/>\n<link rel=\"canonical\" href=\"https:\/\/industriall.ai\/blog\/9-dicas-para-organizar-suas-reunioes-utilizando-o-iprimum\" \/>\n<meta property=\"og:locale\" content=\"pt_BR\" \/>\n<meta property=\"og:type\" content=\"article\" \/>\n<meta property=\"og:title\" content=\"9 dicas para organizar suas reuni\u00f5es utilizando o iPRIMUM\" \/>\n<meta property=\"og:description\" content=\"Tenha as principais dicas para suas reuni\u00f5es serem mais objetivas, melhore sua produtividade e evite perda de tempo com distra\u00e7\u00f5es.\" \/>\n<meta property=\"og:url\" content=\"https:\/\/industriall.ai\/blog\/9-dicas-para-organizar-suas-reunioes-utilizando-o-iprimum\" \/>\n<meta property=\"og:site_name\" content=\"Blog IndustriALL\" \/>\n<meta property=\"article:modified_time\" content=\"2022-07-26T18:13:12+00:00\" \/>\n<meta property=\"og:image\" content=\"https:\/\/industriall.ai\/blog\/wp-content\/uploads\/2021\/05\/Infogr\u00e1fico-9-dicas.png\" \/>\n\t<meta property=\"og:image:width\" content=\"2144\" \/>\n\t<meta property=\"og:image:height\" content=\"1052\" \/>\n\t<meta property=\"og:image:type\" content=\"image\/png\" \/>\n<meta name=\"twitter:card\" content=\"summary_large_image\" \/>\n<meta name=\"twitter:label1\" content=\"Est. tempo de leitura\" \/>\n\t<meta name=\"twitter:data1\" content=\"1 minuto\" \/>\n<script type=\"application\/ld+json\" class=\"yoast-schema-graph\">{\"@context\":\"https:\/\/schema.org\",\"@graph\":[{\"@type\":\"WebPage\",\"@id\":\"https:\/\/industriall.ai\/blog\/9-dicas-para-organizar-suas-reunioes-utilizando-o-iprimum\",\"url\":\"https:\/\/industriall.ai\/blog\/9-dicas-para-organizar-suas-reunioes-utilizando-o-iprimum\",\"name\":\"9 dicas para organizar suas reuni\u00f5es utilizando o iPRIMUM\",\"isPartOf\":{\"@id\":\"https:\/\/industriall.ai\/blog\/#website\"},\"datePublished\":\"2021-05-19T16:31:44+00:00\",\"dateModified\":\"2022-07-26T18:13:12+00:00\",\"description\":\"Tenha as principais dicas para suas reuni\u00f5es serem mais objetivas, melhore sua produtividade e evite perda de tempo com distra\u00e7\u00f5es.\",\"breadcrumb\":{\"@id\":\"https:\/\/industriall.ai\/blog\/9-dicas-para-organizar-suas-reunioes-utilizando-o-iprimum#breadcrumb\"},\"inLanguage\":\"pt-BR\",\"potentialAction\":[{\"@type\":\"ReadAction\",\"target\":[\"https:\/\/industriall.ai\/blog\/9-dicas-para-organizar-suas-reunioes-utilizando-o-iprimum\"]}]},{\"@type\":\"BreadcrumbList\",\"@id\":\"https:\/\/industriall.ai\/blog\/9-dicas-para-organizar-suas-reunioes-utilizando-o-iprimum#breadcrumb\",\"itemListElement\":[{\"@type\":\"ListItem\",\"position\":1,\"name\":\"In\u00edcio\",\"item\":\"https:\/\/industriall.ai\/blog\/\"},{\"@type\":\"ListItem\",\"position\":2,\"name\":\"9 dicas para organizar suas reuni\u00f5es utilizando o iPRIMUM\"}]},{\"@type\":\"WebSite\",\"@id\":\"https:\/\/industriall.ai\/blog\/#website\",\"url\":\"https:\/\/industriall.ai\/blog\/\",\"name\":\"Blog IndustriALL\",\"description\":\"\",\"publisher\":{\"@id\":\"https:\/\/industriall.ai\/blog\/#organization\"},\"potentialAction\":[{\"@type\":\"SearchAction\",\"target\":{\"@type\":\"EntryPoint\",\"urlTemplate\":\"https:\/\/industriall.ai\/blog\/?s={search_term_string}\"},\"query-input\":\"required name=search_term_string\"}],\"inLanguage\":\"pt-BR\"},{\"@type\":\"Organization\",\"@id\":\"https:\/\/industriall.ai\/blog\/#organization\",\"name\":\"IndustriALL\",\"url\":\"https:\/\/industriall.ai\/blog\/\",\"logo\":{\"@type\":\"ImageObject\",\"inLanguage\":\"pt-BR\",\"@id\":\"https:\/\/industriall.ai\/blog\/#\/schema\/logo\/image\/\",\"url\":\"https:\/\/industriall.ai\/blog\/wp-content\/uploads\/2020\/08\/INDUSTRIALL-FUNDO-CLARO.png\",\"contentUrl\":\"https:\/\/industriall.ai\/blog\/wp-content\/uploads\/2020\/08\/INDUSTRIALL-FUNDO-CLARO.png\",\"width\":1001,\"height\":102,\"caption\":\"IndustriALL\"},\"image\":{\"@id\":\"https:\/\/industriall.ai\/blog\/#\/schema\/logo\/image\/\"},\"sameAs\":[\"https:\/\/www.instagram.com\/industriall.ai\/\"]}]}<\/script>\n<!-- \/ Yoast SEO plugin. -->","yoast_head_json":{"title":"9 dicas para organizar suas reuni\u00f5es utilizando o iPRIMUM","description":"Tenha as principais dicas para suas reuni\u00f5es serem mais objetivas, melhore sua produtividade e evite perda de tempo com distra\u00e7\u00f5es.","robots":{"index":"index","follow":"follow","max-snippet":"max-snippet:-1","max-image-preview":"max-image-preview:large","max-video-preview":"max-video-preview:-1"},"canonical":"https:\/\/industriall.ai\/blog\/9-dicas-para-organizar-suas-reunioes-utilizando-o-iprimum","og_locale":"pt_BR","og_type":"article","og_title":"9 dicas para organizar suas reuni\u00f5es utilizando o iPRIMUM","og_description":"Tenha as principais dicas para suas reuni\u00f5es serem mais objetivas, melhore sua produtividade e evite perda de tempo com distra\u00e7\u00f5es.","og_url":"https:\/\/industriall.ai\/blog\/9-dicas-para-organizar-suas-reunioes-utilizando-o-iprimum","og_site_name":"Blog IndustriALL","article_modified_time":"2022-07-26T18:13:12+00:00","og_image":[{"width":2144,"height":1052,"url":"https:\/\/industriall.ai\/blog\/wp-content\/uploads\/2021\/05\/Infogr\u00e1fico-9-dicas.png","type":"image\/png"}],"twitter_card":"summary_large_image","twitter_misc":{"Est. tempo de leitura":"1 minuto"},"schema":{"@context":"https:\/\/schema.org","@graph":[{"@type":"WebPage","@id":"https:\/\/industriall.ai\/blog\/9-dicas-para-organizar-suas-reunioes-utilizando-o-iprimum","url":"https:\/\/industriall.ai\/blog\/9-dicas-para-organizar-suas-reunioes-utilizando-o-iprimum","name":"9 dicas para organizar suas reuni\u00f5es utilizando o iPRIMUM","isPartOf":{"@id":"https:\/\/industriall.ai\/blog\/#website"},"datePublished":"2021-05-19T16:31:44+00:00","dateModified":"2022-07-26T18:13:12+00:00","description":"Tenha as principais dicas para suas reuni\u00f5es serem mais objetivas, melhore sua produtividade e evite perda de tempo com distra\u00e7\u00f5es.","breadcrumb":{"@id":"https:\/\/industriall.ai\/blog\/9-dicas-para-organizar-suas-reunioes-utilizando-o-iprimum#breadcrumb"},"inLanguage":"pt-BR","potentialAction":[{"@type":"ReadAction","target":["https:\/\/industriall.ai\/blog\/9-dicas-para-organizar-suas-reunioes-utilizando-o-iprimum"]}]},{"@type":"BreadcrumbList","@id":"https:\/\/industriall.ai\/blog\/9-dicas-para-organizar-suas-reunioes-utilizando-o-iprimum#breadcrumb","itemListElement":[{"@type":"ListItem","position":1,"name":"In\u00edcio","item":"https:\/\/industriall.ai\/blog\/"},{"@type":"ListItem","position":2,"name":"9 dicas para organizar suas reuni\u00f5es utilizando o iPRIMUM"}]},{"@type":"WebSite","@id":"https:\/\/industriall.ai\/blog\/#website","url":"https:\/\/industriall.ai\/blog\/","name":"Blog IndustriALL","description":"","publisher":{"@id":"https:\/\/industriall.ai\/blog\/#organization"},"potentialAction":[{"@type":"SearchAction","target":{"@type":"EntryPoint","urlTemplate":"https:\/\/industriall.ai\/blog\/?s={search_term_string}"},"query-input":"required name=search_term_string"}],"inLanguage":"pt-BR"},{"@type":"Organization","@id":"https:\/\/industriall.ai\/blog\/#organization","name":"IndustriALL","url":"https:\/\/industriall.ai\/blog\/","logo":{"@type":"ImageObject","inLanguage":"pt-BR","@id":"https:\/\/industriall.ai\/blog\/#\/schema\/logo\/image\/","url":"https:\/\/industriall.ai\/blog\/wp-content\/uploads\/2020\/08\/INDUSTRIALL-FUNDO-CLARO.png","contentUrl":"https:\/\/industriall.ai\/blog\/wp-content\/uploads\/2020\/08\/INDUSTRIALL-FUNDO-CLARO.png","width":1001,"height":102,"caption":"IndustriALL"},"image":{"@id":"https:\/\/industriall.ai\/blog\/#\/schema\/logo\/image\/"},"sameAs":["https:\/\/www.instagram.com\/industriall.ai\/"]}]}},"_links":{"self":[{"href":"https:\/\/industriall.ai\/blog\/wp-json\/wp\/v2\/pages\/12132"}],"collection":[{"href":"https:\/\/industriall.ai\/blog\/wp-json\/wp\/v2\/pages"}],"about":[{"href":"https:\/\/industriall.ai\/blog\/wp-json\/wp\/v2\/types\/page"}],"author":[{"embeddable":true,"href":"https:\/\/industriall.ai\/blog\/wp-json\/wp\/v2\/users\/5"}],"replies":[{"embeddable":true,"href":"https:\/\/industriall.ai\/blog\/wp-json\/wp\/v2\/comments?post=12132"}],"version-history":[{"count":0,"href":"https:\/\/industriall.ai\/blog\/wp-json\/wp\/v2\/pages\/12132\/revisions"}],"wp:attachment":[{"href":"https:\/\/industriall.ai\/blog\/wp-json\/wp\/v2\/media?parent=12132"}],"curies":[{"name":"wp","href":"https:\/\/api.w.org\/{rel}","templated":true}]}}