{"id":12047,"date":"2021-05-12T11:49:47","date_gmt":"2021-05-12T14:49:47","guid":{"rendered":"https:\/\/industriall.ai\/blog\/?page_id=12047"},"modified":"2022-07-26T15:11:47","modified_gmt":"2022-07-26T18:11:47","slug":"como-posso-otimizar-uma-industria-utilizando-o-iprimum","status":"publish","type":"page","link":"https:\/\/industriall.ai\/blog\/como-posso-otimizar-uma-industria-utilizando-o-iprimum","title":{"rendered":"Como posso otimizar uma ind\u00fastria utilizando o iPRIMUM"},"content":{"rendered":"\t\t<div data-elementor-type=\"wp-page\" data-elementor-id=\"12047\" class=\"elementor elementor-12047\">\n\t\t\t\t\t\t<div class=\"elementor-inner\">\n\t\t\t\t<div class=\"elementor-section-wrap\">\n\t\t\t\t\t\t\t\t\t<section class=\"elementor-section elementor-top-section elementor-element elementor-element-5ef65999 elementor-section-height-min-height elementor-section-content-middle elementor-section-boxed elementor-section-height-default elementor-section-items-middle\" data-id=\"5ef65999\" data-element_type=\"section\" data-settings=\"{&quot;background_background&quot;:&quot;classic&quot;,&quot;shape_divider_bottom&quot;:&quot;tilt&quot;}\">\n\t\t\t\t\t<div class=\"elementor-shape elementor-shape-bottom\" data-negative=\"false\">\n\t\t\t<svg xmlns=\"http:\/\/www.w3.org\/2000\/svg\" viewBox=\"0 0 1000 100\" preserveAspectRatio=\"none\">\n\t<path class=\"elementor-shape-fill\" d=\"M0,6V0h1000v100L0,6z\"\/>\n<\/svg>\t\t<\/div>\n\t\t\t\t\t<div class=\"elementor-container elementor-column-gap-default\">\n\t\t\t\t\t\t\t<div class=\"elementor-row\">\n\t\t\t\t\t<div class=\"elementor-column elementor-col-100 elementor-top-column elementor-element elementor-element-1aed569f\" data-id=\"1aed569f\" data-element_type=\"column\">\n\t\t\t<div class=\"elementor-column-wrap elementor-element-populated\">\n\t\t\t\t\t\t\t<div class=\"elementor-widget-wrap\">\n\t\t\t\t\t\t<div class=\"elementor-element elementor-element-483e7563 elementor-widget elementor-widget-heading\" data-id=\"483e7563\" data-element_type=\"widget\" data-widget_type=\"heading.default\">\n\t\t\t\t<div class=\"elementor-widget-container\">\n\t\t\t<h1 class=\"elementor-heading-title elementor-size-default\">Conhe\u00e7a cada software do <b>iPRIMUM!<\/b><\/h1>\t\t<\/div>\n\t\t\t\t<\/div>\n\t\t\t\t<div class=\"elementor-element elementor-element-0120fc4 elementor-widget elementor-widget-spacer\" data-id=\"0120fc4\" data-element_type=\"widget\" data-widget_type=\"spacer.default\">\n\t\t\t\t<div class=\"elementor-widget-container\">\n\t\t\t\t\t<div class=\"elementor-spacer\">\n\t\t\t<div class=\"elementor-spacer-inner\"><\/div>\n\t\t<\/div>\n\t\t\t\t<\/div>\n\t\t\t\t<\/div>\n\t\t\t\t<div class=\"elementor-element elementor-element-42806f7d elementor-widget elementor-widget-text-editor\" data-id=\"42806f7d\" data-element_type=\"widget\" data-widget_type=\"text-editor.default\">\n\t\t\t\t<div class=\"elementor-widget-container\">\n\t\t\t\t\t\t\t\t<div class=\"elementor-text-editor elementor-clearfix\">\n\t\t\t\t<div>Bai<b>xe agora<\/b> nosso infogr\u00e1fico!<\/div>\t\t\t\t\t<\/div>\n\t\t\t\t\t\t<\/div>\n\t\t\t\t<\/div>\n\t\t\t\t<div class=\"elementor-element elementor-element-cef56e5 elementor-button-align-end elementor-widget elementor-widget-form\" data-id=\"cef56e5\" data-element_type=\"widget\" data-settings=\"{&quot;step_next_label&quot;:&quot;Next&quot;,&quot;step_previous_label&quot;:&quot;Previous&quot;,&quot;button_width&quot;:&quot;100&quot;,&quot;step_type&quot;:&quot;number_text&quot;,&quot;step_icon_shape&quot;:&quot;circle&quot;}\" data-widget_type=\"form.default\">\n\t\t\t\t<div class=\"elementor-widget-container\">\n\t\t\t\t\t<form class=\"elementor-form\" method=\"post\" name=\"New Form\">\n\t\t\t<input type=\"hidden\" name=\"post_id\" value=\"12047\"\/>\n\t\t\t<input type=\"hidden\" name=\"form_id\" value=\"cef56e5\"\/>\n\n\t\t\t\n\t\t\t<div class=\"elementor-form-fields-wrapper elementor-labels-above\">\n\t\t\t\t\t\t\t\t<div class=\"elementor-field-type-text elementor-field-group elementor-column elementor-field-group-name elementor-col-50 elementor-field-required\">\n\t\t\t\t\t<label for=\"form-field-name\" class=\"elementor-field-label\">Nome<\/label><input size=\"1\" type=\"text\" name=\"form_fields[name]\" id=\"form-field-name\" class=\"elementor-field elementor-size-sm  elementor-field-textual\" required=\"required\" aria-required=\"true\">\t\t\t\t<\/div>\n\t\t\t\t\t\t\t\t<div class=\"elementor-field-type-email elementor-field-group elementor-column elementor-field-group-email elementor-col-50 elementor-field-required\">\n\t\t\t\t\t<label for=\"form-field-email\" class=\"elementor-field-label\">E-mail<\/label><input size=\"1\" type=\"email\" name=\"form_fields[email]\" id=\"form-field-email\" class=\"elementor-field elementor-size-sm  elementor-field-textual\" required=\"required\" aria-required=\"true\">\t\t\t\t<\/div>\n\t\t\t\t\t\t\t\t<div class=\"elementor-field-type-text elementor-field-group elementor-column elementor-field-group-field_7f195aa elementor-col-50 elementor-field-required\">\n\t\t\t\t\t<label for=\"form-field-field_7f195aa\" class=\"elementor-field-label\">Role<\/label><input size=\"1\" type=\"text\" name=\"form_fields[field_7f195aa]\" id=\"form-field-field_7f195aa\" class=\"elementor-field elementor-size-sm  elementor-field-textual\" required=\"required\" aria-required=\"true\">\t\t\t\t<\/div>\n\t\t\t\t\t\t\t\t<div class=\"elementor-field-type-text elementor-field-group elementor-column elementor-field-group-field_5cdb260 elementor-col-50 elementor-field-required\">\n\t\t\t\t\t<label for=\"form-field-field_5cdb260\" class=\"elementor-field-label\">Company<\/label><input size=\"1\" type=\"text\" name=\"form_fields[field_5cdb260]\" id=\"form-field-field_5cdb260\" class=\"elementor-field elementor-size-sm  elementor-field-textual\" required=\"required\" aria-required=\"true\">\t\t\t\t<\/div>\n\t\t\t\t\t\t\t\t<div class=\"elementor-field-type-recaptcha_v3 elementor-field-group elementor-column elementor-field-group-field_2fdd30e elementor-col-100 recaptcha_v3-bottomleft\">\n\t\t\t\t\t<div class=\"elementor-field\" id=\"form-field-field_2fdd30e\"><div class=\"elementor-g-recaptcha\" data-sitekey=\"6Le_RvkcAAAAAOVLj-V8qxXNcDMsBQ2q3f47B8KL\" data-type=\"v3\" data-action=\"Form\" data-badge=\"bottomleft\" data-size=\"invisible\"><\/div><\/div>\t\t\t\t<\/div>\n\t\t\t\t\t\t\t\t<div class=\"elementor-field-group elementor-column elementor-field-type-submit elementor-col-100 e-form__buttons\">\n\t\t\t\t\t<button type=\"submit\" class=\"elementor-button elementor-size-sm elementor-animation-float\">\n\t\t\t\t\t\t<span >\n\t\t\t\t\t\t\t\t\t\t\t\t\t\t\t<span class=\"elementor-align-icon-right elementor-button-icon\">\n\t\t\t\t\t\t\t\t\t<i aria-hidden=\"true\" class=\"fas fa-arrow-right\"><\/i>\t\t\t\t\t\t\t\t\t\t\t\t\t\t\t\t\t<\/span>\n\t\t\t\t\t\t\t\t\t\t\t\t\t\t\t\t\t\t\t\t\t\t<span class=\"elementor-button-text\">Baixe agora<\/span>\n\t\t\t\t\t\t\t\t\t\t\t\t\t<\/span>\n\t\t\t\t\t<\/button>\n\t\t\t\t<\/div>\n\t\t\t<\/div>\n\t\t<\/form>\n\t\t\t\t<\/div>\n\t\t\t\t<\/div>\n\t\t\t\t\t\t<\/div>\n\t\t\t\t\t<\/div>\n\t\t<\/div>\n\t\t\t\t\t\t\t\t<\/div>\n\t\t\t\t\t<\/div>\n\t\t<\/section>\n\t\t\t\t<section class=\"elementor-section elementor-top-section elementor-element elementor-element-91c5348 elementor-section-boxed elementor-section-height-default elementor-section-height-default\" data-id=\"91c5348\" data-element_type=\"section\" data-settings=\"{&quot;background_background&quot;:&quot;classic&quot;}\">\n\t\t\t\t\t\t<div class=\"elementor-container elementor-column-gap-default\">\n\t\t\t\t\t\t\t<div class=\"elementor-row\">\n\t\t\t\t\t<div class=\"elementor-column elementor-col-33 elementor-top-column elementor-element elementor-element-8a0a86a\" data-id=\"8a0a86a\" data-element_type=\"column\">\n\t\t\t<div class=\"elementor-column-wrap elementor-element-populated\">\n\t\t\t\t\t\t\t<div class=\"elementor-widget-wrap\">\n\t\t\t\t\t\t<div class=\"elementor-element elementor-element-7a463751 elementor-view-default elementor-mobile-position-top elementor-vertical-align-top elementor-widget elementor-widget-icon-box\" data-id=\"7a463751\" data-element_type=\"widget\" data-widget_type=\"icon-box.default\">\n\t\t\t\t<div class=\"elementor-widget-container\">\n\t\t\t\t\t<div class=\"elementor-icon-box-wrapper\">\n\t\t\t\t\t\t<div class=\"elementor-icon-box-icon\">\n\t\t\t\t<span class=\"elementor-icon elementor-animation-\" >\n\t\t\t\t<i aria-hidden=\"true\" class=\"fas fa-cogs\"><\/i>\t\t\t\t<\/span>\n\t\t\t<\/div>\n\t\t\t\t\t\t<div class=\"elementor-icon-box-content\">\n\t\t\t\t<h3 class=\"elementor-icon-box-title\">\n\t\t\t\t\t<span  >\n\t\t\t\t\t\tSOFTWARES\t\t\t\t\t<\/span>\n\t\t\t\t<\/h3>\n\t\t\t\t\t\t\t\t\t<p class=\"elementor-icon-box-description\">\n\t\t\t\t\t\tConhe\u00e7a nossos softwares do iPRIMUM\t\t\t\t\t<\/p>\n\t\t\t\t\t\t\t<\/div>\n\t\t<\/div>\n\t\t\t\t<\/div>\n\t\t\t\t<\/div>\n\t\t\t\t\t\t<\/div>\n\t\t\t\t\t<\/div>\n\t\t<\/div>\n\t\t\t\t<div class=\"elementor-column elementor-col-33 elementor-top-column elementor-element elementor-element-3fefe136\" data-id=\"3fefe136\" data-element_type=\"column\">\n\t\t\t<div class=\"elementor-column-wrap elementor-element-populated\">\n\t\t\t\t\t\t\t<div class=\"elementor-widget-wrap\">\n\t\t\t\t\t\t<div class=\"elementor-element elementor-element-5a3c5d4 elementor-view-default elementor-mobile-position-top elementor-vertical-align-top elementor-widget elementor-widget-icon-box\" data-id=\"5a3c5d4\" data-element_type=\"widget\" data-widget_type=\"icon-box.default\">\n\t\t\t\t<div class=\"elementor-widget-container\">\n\t\t\t\t\t<div class=\"elementor-icon-box-wrapper\">\n\t\t\t\t\t\t<div class=\"elementor-icon-box-icon\">\n\t\t\t\t<span class=\"elementor-icon elementor-animation-\" >\n\t\t\t\t<i aria-hidden=\"true\" class=\"fas fa-check\"><\/i>\t\t\t\t<\/span>\n\t\t\t<\/div>\n\t\t\t\t\t\t<div class=\"elementor-icon-box-content\">\n\t\t\t\t<h3 class=\"elementor-icon-box-title\">\n\t\t\t\t\t<span  >\n\t\t\t\t\t\tBenef\u00edcios\t\t\t\t\t<\/span>\n\t\t\t\t<\/h3>\n\t\t\t\t\t\t\t\t\t<p class=\"elementor-icon-box-description\">\n\t\t\t\t\t\tEntenda os beneficios<br>de cada um. \t\t\t\t\t<\/p>\n\t\t\t\t\t\t\t<\/div>\n\t\t<\/div>\n\t\t\t\t<\/div>\n\t\t\t\t<\/div>\n\t\t\t\t\t\t<\/div>\n\t\t\t\t\t<\/div>\n\t\t<\/div>\n\t\t\t\t<div class=\"elementor-column elementor-col-33 elementor-top-column elementor-element elementor-element-2b0be133\" data-id=\"2b0be133\" data-element_type=\"column\">\n\t\t\t<div class=\"elementor-column-wrap elementor-element-populated\">\n\t\t\t\t\t\t\t<div class=\"elementor-widget-wrap\">\n\t\t\t\t\t\t<div class=\"elementor-element elementor-element-5bc68700 elementor-view-default elementor-mobile-position-top elementor-vertical-align-top elementor-widget elementor-widget-icon-box\" data-id=\"5bc68700\" data-element_type=\"widget\" data-widget_type=\"icon-box.default\">\n\t\t\t\t<div class=\"elementor-widget-container\">\n\t\t\t\t\t<div class=\"elementor-icon-box-wrapper\">\n\t\t\t\t\t\t<div class=\"elementor-icon-box-icon\">\n\t\t\t\t<span class=\"elementor-icon elementor-animation-\" >\n\t\t\t\t<i aria-hidden=\"true\" class=\"fas fa-industry\"><\/i>\t\t\t\t<\/span>\n\t\t\t<\/div>\n\t\t\t\t\t\t<div class=\"elementor-icon-box-content\">\n\t\t\t\t<h3 class=\"elementor-icon-box-title\">\n\t\t\t\t\t<span  >\n\t\t\t\t\t\timpulsionando performances\t\t\t\t\t<\/span>\n\t\t\t\t<\/h3>\n\t\t\t\t\t\t\t\t\t<p class=\"elementor-icon-box-description\">\n\t\t\t\t\t\tCompreenda como ele pode melhorar sua performance Industrial\t\t\t\t\t<\/p>\n\t\t\t\t\t\t\t<\/div>\n\t\t<\/div>\n\t\t\t\t<\/div>\n\t\t\t\t<\/div>\n\t\t\t\t\t\t<\/div>\n\t\t\t\t\t<\/div>\n\t\t<\/div>\n\t\t\t\t\t\t\t\t<\/div>\n\t\t\t\t\t<\/div>\n\t\t<\/section>\n\t\t\t\t<section class=\"elementor-section elementor-top-section elementor-element elementor-element-b3fd1a1 elementor-section-boxed elementor-section-height-default elementor-section-height-default\" data-id=\"b3fd1a1\" data-element_type=\"section\" data-settings=\"{&quot;background_background&quot;:&quot;classic&quot;}\">\n\t\t\t\t\t\t<div class=\"elementor-container elementor-column-gap-default\">\n\t\t\t\t\t\t\t<div class=\"elementor-row\">\n\t\t\t\t\t<div class=\"elementor-column elementor-col-100 elementor-top-column elementor-element elementor-element-2d31485\" data-id=\"2d31485\" data-element_type=\"column\">\n\t\t\t<div class=\"elementor-column-wrap elementor-element-populated\">\n\t\t\t\t\t\t\t<div class=\"elementor-widget-wrap\">\n\t\t\t\t\t\t<div class=\"elementor-element elementor-element-9ac1480 elementor-widget elementor-widget-image\" data-id=\"9ac1480\" data-element_type=\"widget\" data-widget_type=\"image.default\">\n\t\t\t\t<div class=\"elementor-widget-container\">\n\t\t\t\t\t\t\t\t<div class=\"elementor-image\">\n\t\t\t\t\t\t\t\t\t\t\t\t<img width=\"640\" height=\"48\" src=\"https:\/\/industriall.ai\/blog\/wp-content\/uploads\/2021\/05\/Logo-Preta-768x57.png\" class=\"attachment-medium_large size-medium_large\" alt=\"\" srcset=\"https:\/\/industriall.ai\/blog\/wp-content\/uploads\/2021\/05\/Logo-Preta-768x57.png 768w, https:\/\/industriall.ai\/blog\/wp-content\/uploads\/2021\/05\/Logo-Preta-300x22.png 300w, https:\/\/industriall.ai\/blog\/wp-content\/uploads\/2021\/05\/Logo-Preta-1024x76.png 1024w, https:\/\/industriall.ai\/blog\/wp-content\/uploads\/2021\/05\/Logo-Preta-500x37.png 500w\" sizes=\"(max-width: 640px) 100vw, 640px\" \/>\t\t\t\t\t\t\t\t\t\t\t\t\t\t<\/div>\n\t\t\t\t\t\t<\/div>\n\t\t\t\t<\/div>\n\t\t\t\t\t\t<\/div>\n\t\t\t\t\t<\/div>\n\t\t<\/div>\n\t\t\t\t\t\t\t\t<\/div>\n\t\t\t\t\t<\/div>\n\t\t<\/section>\n\t\t\t\t\t\t\t\t\t<\/div>\n\t\t\t<\/div>\n\t\t\t\t\t<\/div>\n\t\t","protected":false},"excerpt":{"rendered":"<p>Conhe\u00e7a cada software do iPRIMUM! Baixe agora nosso infogr\u00e1fico! SOFTWARES Conhe\u00e7a nossos softwares do iPRIMUM Benef\u00edcios Entenda os beneficiosde cada um. impulsionando performances Compreenda como ele pode melhorar sua performance Industrial<\/p>\n","protected":false},"author":5,"featured_media":0,"parent":0,"menu_order":0,"comment_status":"closed","ping_status":"closed","template":"elementor_canvas","meta":{"inline_featured_image":false},"yoast_head":"<!-- This site is optimized with the Yoast SEO plugin v20.6 - https:\/\/yoast.com\/wordpress\/plugins\/seo\/ -->\n<title>Como posso otimizar uma ind\u00fastria utilizando o iPRIMUM<\/title>\n<meta name=\"description\" content=\"Conhe\u00e7a nossos softwares do iPRIMUM e o benef\u00edcio de cada um deles.\" \/>\n<meta name=\"robots\" content=\"index, follow, max-snippet:-1, max-image-preview:large, max-video-preview:-1\" \/>\n<link rel=\"canonical\" href=\"https:\/\/industriall.ai\/blog\/como-posso-otimizar-uma-industria-utilizando-o-iprimum\" \/>\n<meta property=\"og:locale\" content=\"pt_BR\" \/>\n<meta property=\"og:type\" content=\"article\" \/>\n<meta property=\"og:title\" content=\"Como posso otimizar uma ind\u00fastria utilizando o iPRIMUM\" \/>\n<meta property=\"og:description\" content=\"Conhe\u00e7a nossos softwares do iPRIMUM e o benef\u00edcio de cada um deles.\" \/>\n<meta property=\"og:url\" content=\"https:\/\/industriall.ai\/blog\/como-posso-otimizar-uma-industria-utilizando-o-iprimum\" \/>\n<meta property=\"og:site_name\" content=\"Blog IndustriALL\" \/>\n<meta property=\"article:modified_time\" content=\"2022-07-26T18:11:47+00:00\" \/>\n<meta property=\"og:image\" content=\"https:\/\/industriall.ai\/blog\/wp-content\/uploads\/2021\/05\/Logo-Preta-768x57.png\" \/>\n<meta name=\"twitter:card\" content=\"summary_large_image\" \/>\n<meta name=\"twitter:label1\" content=\"Est. tempo de leitura\" \/>\n\t<meta name=\"twitter:data1\" content=\"1 minuto\" \/>\n<script type=\"application\/ld+json\" class=\"yoast-schema-graph\">{\"@context\":\"https:\/\/schema.org\",\"@graph\":[{\"@type\":\"WebPage\",\"@id\":\"https:\/\/industriall.ai\/blog\/como-posso-otimizar-uma-industria-utilizando-o-iprimum\",\"url\":\"https:\/\/industriall.ai\/blog\/como-posso-otimizar-uma-industria-utilizando-o-iprimum\",\"name\":\"Como posso otimizar uma ind\u00fastria utilizando o iPRIMUM\",\"isPartOf\":{\"@id\":\"https:\/\/industriall.ai\/blog\/#website\"},\"datePublished\":\"2021-05-12T14:49:47+00:00\",\"dateModified\":\"2022-07-26T18:11:47+00:00\",\"description\":\"Conhe\u00e7a nossos softwares do iPRIMUM e o benef\u00edcio de cada um deles.\",\"breadcrumb\":{\"@id\":\"https:\/\/industriall.ai\/blog\/como-posso-otimizar-uma-industria-utilizando-o-iprimum#breadcrumb\"},\"inLanguage\":\"pt-BR\",\"potentialAction\":[{\"@type\":\"ReadAction\",\"target\":[\"https:\/\/industriall.ai\/blog\/como-posso-otimizar-uma-industria-utilizando-o-iprimum\"]}]},{\"@type\":\"BreadcrumbList\",\"@id\":\"https:\/\/industriall.ai\/blog\/como-posso-otimizar-uma-industria-utilizando-o-iprimum#breadcrumb\",\"itemListElement\":[{\"@type\":\"ListItem\",\"position\":1,\"name\":\"In\u00edcio\",\"item\":\"https:\/\/industriall.ai\/blog\/\"},{\"@type\":\"ListItem\",\"position\":2,\"name\":\"Como posso otimizar uma ind\u00fastria utilizando o iPRIMUM\"}]},{\"@type\":\"WebSite\",\"@id\":\"https:\/\/industriall.ai\/blog\/#website\",\"url\":\"https:\/\/industriall.ai\/blog\/\",\"name\":\"Blog IndustriALL\",\"description\":\"\",\"publisher\":{\"@id\":\"https:\/\/industriall.ai\/blog\/#organization\"},\"potentialAction\":[{\"@type\":\"SearchAction\",\"target\":{\"@type\":\"EntryPoint\",\"urlTemplate\":\"https:\/\/industriall.ai\/blog\/?s={search_term_string}\"},\"query-input\":\"required name=search_term_string\"}],\"inLanguage\":\"pt-BR\"},{\"@type\":\"Organization\",\"@id\":\"https:\/\/industriall.ai\/blog\/#organization\",\"name\":\"IndustriALL\",\"url\":\"https:\/\/industriall.ai\/blog\/\",\"logo\":{\"@type\":\"ImageObject\",\"inLanguage\":\"pt-BR\",\"@id\":\"https:\/\/industriall.ai\/blog\/#\/schema\/logo\/image\/\",\"url\":\"https:\/\/industriall.ai\/blog\/wp-content\/uploads\/2020\/08\/INDUSTRIALL-FUNDO-CLARO.png\",\"contentUrl\":\"https:\/\/industriall.ai\/blog\/wp-content\/uploads\/2020\/08\/INDUSTRIALL-FUNDO-CLARO.png\",\"width\":1001,\"height\":102,\"caption\":\"IndustriALL\"},\"image\":{\"@id\":\"https:\/\/industriall.ai\/blog\/#\/schema\/logo\/image\/\"},\"sameAs\":[\"https:\/\/www.instagram.com\/industriall.ai\/\"]}]}<\/script>\n<!-- \/ Yoast SEO plugin. -->","yoast_head_json":{"title":"Como posso otimizar uma ind\u00fastria utilizando o iPRIMUM","description":"Conhe\u00e7a nossos softwares do iPRIMUM e o benef\u00edcio de cada um deles.","robots":{"index":"index","follow":"follow","max-snippet":"max-snippet:-1","max-image-preview":"max-image-preview:large","max-video-preview":"max-video-preview:-1"},"canonical":"https:\/\/industriall.ai\/blog\/como-posso-otimizar-uma-industria-utilizando-o-iprimum","og_locale":"pt_BR","og_type":"article","og_title":"Como posso otimizar uma ind\u00fastria utilizando o iPRIMUM","og_description":"Conhe\u00e7a nossos softwares do iPRIMUM e o benef\u00edcio de cada um deles.","og_url":"https:\/\/industriall.ai\/blog\/como-posso-otimizar-uma-industria-utilizando-o-iprimum","og_site_name":"Blog IndustriALL","article_modified_time":"2022-07-26T18:11:47+00:00","og_image":[{"url":"https:\/\/industriall.ai\/blog\/wp-content\/uploads\/2021\/05\/Logo-Preta-768x57.png"}],"twitter_card":"summary_large_image","twitter_misc":{"Est. tempo de leitura":"1 minuto"},"schema":{"@context":"https:\/\/schema.org","@graph":[{"@type":"WebPage","@id":"https:\/\/industriall.ai\/blog\/como-posso-otimizar-uma-industria-utilizando-o-iprimum","url":"https:\/\/industriall.ai\/blog\/como-posso-otimizar-uma-industria-utilizando-o-iprimum","name":"Como posso otimizar uma ind\u00fastria utilizando o iPRIMUM","isPartOf":{"@id":"https:\/\/industriall.ai\/blog\/#website"},"datePublished":"2021-05-12T14:49:47+00:00","dateModified":"2022-07-26T18:11:47+00:00","description":"Conhe\u00e7a nossos softwares do iPRIMUM e o benef\u00edcio de cada um deles.","breadcrumb":{"@id":"https:\/\/industriall.ai\/blog\/como-posso-otimizar-uma-industria-utilizando-o-iprimum#breadcrumb"},"inLanguage":"pt-BR","potentialAction":[{"@type":"ReadAction","target":["https:\/\/industriall.ai\/blog\/como-posso-otimizar-uma-industria-utilizando-o-iprimum"]}]},{"@type":"BreadcrumbList","@id":"https:\/\/industriall.ai\/blog\/como-posso-otimizar-uma-industria-utilizando-o-iprimum#breadcrumb","itemListElement":[{"@type":"ListItem","position":1,"name":"In\u00edcio","item":"https:\/\/industriall.ai\/blog\/"},{"@type":"ListItem","position":2,"name":"Como posso otimizar uma ind\u00fastria utilizando o iPRIMUM"}]},{"@type":"WebSite","@id":"https:\/\/industriall.ai\/blog\/#website","url":"https:\/\/industriall.ai\/blog\/","name":"Blog IndustriALL","description":"","publisher":{"@id":"https:\/\/industriall.ai\/blog\/#organization"},"potentialAction":[{"@type":"SearchAction","target":{"@type":"EntryPoint","urlTemplate":"https:\/\/industriall.ai\/blog\/?s={search_term_string}"},"query-input":"required name=search_term_string"}],"inLanguage":"pt-BR"},{"@type":"Organization","@id":"https:\/\/industriall.ai\/blog\/#organization","name":"IndustriALL","url":"https:\/\/industriall.ai\/blog\/","logo":{"@type":"ImageObject","inLanguage":"pt-BR","@id":"https:\/\/industriall.ai\/blog\/#\/schema\/logo\/image\/","url":"https:\/\/industriall.ai\/blog\/wp-content\/uploads\/2020\/08\/INDUSTRIALL-FUNDO-CLARO.png","contentUrl":"https:\/\/industriall.ai\/blog\/wp-content\/uploads\/2020\/08\/INDUSTRIALL-FUNDO-CLARO.png","width":1001,"height":102,"caption":"IndustriALL"},"image":{"@id":"https:\/\/industriall.ai\/blog\/#\/schema\/logo\/image\/"},"sameAs":["https:\/\/www.instagram.com\/industriall.ai\/"]}]}},"_links":{"self":[{"href":"https:\/\/industriall.ai\/blog\/wp-json\/wp\/v2\/pages\/12047"}],"collection":[{"href":"https:\/\/industriall.ai\/blog\/wp-json\/wp\/v2\/pages"}],"about":[{"href":"https:\/\/industriall.ai\/blog\/wp-json\/wp\/v2\/types\/page"}],"author":[{"embeddable":true,"href":"https:\/\/industriall.ai\/blog\/wp-json\/wp\/v2\/users\/5"}],"replies":[{"embeddable":true,"href":"https:\/\/industriall.ai\/blog\/wp-json\/wp\/v2\/comments?post=12047"}],"version-history":[{"count":0,"href":"https:\/\/industriall.ai\/blog\/wp-json\/wp\/v2\/pages\/12047\/revisions"}],"wp:attachment":[{"href":"https:\/\/industriall.ai\/blog\/wp-json\/wp\/v2\/media?parent=12047"}],"curies":[{"name":"wp","href":"https:\/\/api.w.org\/{rel}","templated":true}]}}