{"id":11773,"date":"2021-04-28T13:58:20","date_gmt":"2021-04-28T16:58:20","guid":{"rendered":"https:\/\/industriall.ai\/blog\/?page_id=11773"},"modified":"2022-10-28T16:59:11","modified_gmt":"2022-10-28T19:59:11","slug":"ebook-portugues","status":"publish","type":"page","link":"https:\/\/industriall.ai\/blog\/ebook-portugues","title":{"rendered":"Ebook Portugu\u00eas"},"content":{"rendered":"\t\t<div data-elementor-type=\"wp-page\" data-elementor-id=\"11773\" class=\"elementor elementor-11773\">\n\t\t\t\t\t\t<div class=\"elementor-inner\">\n\t\t\t\t<div class=\"elementor-section-wrap\">\n\t\t\t\t\t\t\t\t\t<section class=\"elementor-section elementor-top-section elementor-element elementor-element-1327dfaa elementor-section-content-middle elementor-section-full_width elementor-section-height-default elementor-section-height-default\" data-id=\"1327dfaa\" data-element_type=\"section\">\n\t\t\t\t\t\t<div class=\"elementor-container elementor-column-gap-no\">\n\t\t\t\t\t\t\t<div class=\"elementor-row\">\n\t\t\t\t\t<div class=\"elementor-column elementor-col-100 elementor-top-column elementor-element elementor-element-42b8a3ec\" data-id=\"42b8a3ec\" data-element_type=\"column\">\n\t\t\t<div class=\"elementor-column-wrap elementor-element-populated\">\n\t\t\t\t\t\t\t<div class=\"elementor-widget-wrap\">\n\t\t\t\t\t\t<div class=\"elementor-element elementor-element-25751ee elementor-widget elementor-widget-heading\" data-id=\"25751ee\" data-element_type=\"widget\" data-widget_type=\"heading.default\">\n\t\t\t\t<div class=\"elementor-widget-container\">\n\t\t\t<h1 class=\"elementor-heading-title elementor-size-default\">E-Books<\/h1>\t\t<\/div>\n\t\t\t\t<\/div>\n\t\t\t\t<div class=\"elementor-element elementor-element-217ea935 elementor-widget elementor-widget-heading\" data-id=\"217ea935\" data-element_type=\"widget\" data-widget_type=\"heading.default\">\n\t\t\t\t<div class=\"elementor-widget-container\">\n\t\t\t<h5 class=\"elementor-heading-title elementor-size-default\">Confira nossos E-books em Portugu\u00eas<\/h5>\t\t<\/div>\n\t\t\t\t<\/div>\n\t\t\t\t<section class=\"elementor-section elementor-inner-section elementor-element elementor-element-c5f5d95 elementor-section-boxed elementor-section-height-default elementor-section-height-default\" data-id=\"c5f5d95\" data-element_type=\"section\">\n\t\t\t\t\t\t<div class=\"elementor-container elementor-column-gap-default\">\n\t\t\t\t\t\t\t<div class=\"elementor-row\">\n\t\t\t\t\t<div class=\"elementor-column elementor-col-33 elementor-inner-column elementor-element elementor-element-b9951f8\" data-id=\"b9951f8\" data-element_type=\"column\">\n\t\t\t<div class=\"elementor-column-wrap elementor-element-populated\">\n\t\t\t\t\t\t\t<div class=\"elementor-widget-wrap\">\n\t\t\t\t\t\t<div class=\"elementor-element elementor-element-f5b63d8 elementor-widget elementor-widget-spacer\" data-id=\"f5b63d8\" data-element_type=\"widget\" data-widget_type=\"spacer.default\">\n\t\t\t\t<div class=\"elementor-widget-container\">\n\t\t\t\t\t<div class=\"elementor-spacer\">\n\t\t\t<div class=\"elementor-spacer-inner\"><\/div>\n\t\t<\/div>\n\t\t\t\t<\/div>\n\t\t\t\t<\/div>\n\t\t\t\t<div class=\"elementor-element elementor-element-688e213 elementor-widget elementor-widget-image\" data-id=\"688e213\" data-element_type=\"widget\" data-widget_type=\"image.default\">\n\t\t\t\t<div class=\"elementor-widget-container\">\n\t\t\t\t\t\t\t\t<div class=\"elementor-image\">\n\t\t\t\t\t\t\t\t\t\t\t\t\t<a href=\"http:\/\/industriall.ai\/blog\/conceito-e-aplicacao-do-cep\" target=\"_blank\">\n\t\t\t\t\t\t\t<img src=\"https:\/\/industriall.ai\/blog\/wp-content\/uploads\/2021\/05\/Prancheta-2@72x-100.jpg\" title=\"\" alt=\"\" \/>\t\t\t\t\t\t\t\t<\/a>\n\t\t\t\t\t\t\t\t\t\t\t\t\t\t<\/div>\n\t\t\t\t\t\t<\/div>\n\t\t\t\t<\/div>\n\t\t\t\t<div class=\"elementor-element elementor-element-17a1945 elementor-widget elementor-widget-spacer\" data-id=\"17a1945\" data-element_type=\"widget\" data-widget_type=\"spacer.default\">\n\t\t\t\t<div class=\"elementor-widget-container\">\n\t\t\t\t\t<div class=\"elementor-spacer\">\n\t\t\t<div class=\"elementor-spacer-inner\"><\/div>\n\t\t<\/div>\n\t\t\t\t<\/div>\n\t\t\t\t<\/div>\n\t\t\t\t<div class=\"elementor-element elementor-element-d69c67c elementor-button-info elementor-align-center elementor-widget elementor-widget-button\" data-id=\"d69c67c\" data-element_type=\"widget\" data-widget_type=\"button.default\">\n\t\t\t\t<div class=\"elementor-widget-container\">\n\t\t\t\t\t<div class=\"elementor-button-wrapper\">\n\t\t\t<a href=\"http:\/\/industriall.ai\/blog\/conceito-e-aplicacao-do-cep\" target=\"_blank\" class=\"elementor-button-link elementor-button elementor-size-sm elementor-animation-shrink\" role=\"button\">\n\t\t\t\t\t\t<span class=\"elementor-button-content-wrapper\">\n\t\t\t\t\t\t<span class=\"elementor-button-text\">Conceito e aplica\u00e7\u00e3o do Controle estat\u00edstico de processos industriais<\/span>\n\t\t<\/span>\n\t\t\t\t\t<\/a>\n\t\t<\/div>\n\t\t\t\t<\/div>\n\t\t\t\t<\/div>\n\t\t\t\t<div class=\"elementor-element elementor-element-c058716 elementor-widget elementor-widget-spacer\" data-id=\"c058716\" data-element_type=\"widget\" data-widget_type=\"spacer.default\">\n\t\t\t\t<div class=\"elementor-widget-container\">\n\t\t\t\t\t<div class=\"elementor-spacer\">\n\t\t\t<div class=\"elementor-spacer-inner\"><\/div>\n\t\t<\/div>\n\t\t\t\t<\/div>\n\t\t\t\t<\/div>\n\t\t\t\t\t\t<\/div>\n\t\t\t\t\t<\/div>\n\t\t<\/div>\n\t\t\t\t<div class=\"elementor-column elementor-col-33 elementor-inner-column elementor-element elementor-element-1b5b735\" data-id=\"1b5b735\" data-element_type=\"column\">\n\t\t\t<div class=\"elementor-column-wrap elementor-element-populated\">\n\t\t\t\t\t\t\t<div class=\"elementor-widget-wrap\">\n\t\t\t\t\t\t<div class=\"elementor-element elementor-element-2c63304 elementor-widget elementor-widget-spacer\" data-id=\"2c63304\" data-element_type=\"widget\" data-widget_type=\"spacer.default\">\n\t\t\t\t<div class=\"elementor-widget-container\">\n\t\t\t\t\t<div class=\"elementor-spacer\">\n\t\t\t<div class=\"elementor-spacer-inner\"><\/div>\n\t\t<\/div>\n\t\t\t\t<\/div>\n\t\t\t\t<\/div>\n\t\t\t\t<div class=\"elementor-element elementor-element-b5d4888 elementor-widget elementor-widget-image\" data-id=\"b5d4888\" data-element_type=\"widget\" data-widget_type=\"image.default\">\n\t\t\t\t<div class=\"elementor-widget-container\">\n\t\t\t\t\t\t\t\t<div class=\"elementor-image\">\n\t\t\t\t\t\t\t\t\t\t\t\t\t<a href=\"http:\/\/industriall.ai\/blog\/o-que-e-o-numero-kappa\/\" target=\"_blank\">\n\t\t\t\t\t\t\t<img width=\"640\" height=\"768\" src=\"https:\/\/industriall.ai\/blog\/wp-content\/uploads\/2021\/05\/Prancheta-3-100-1-853x1024.jpg\" class=\"attachment-large size-large\" alt=\"\" srcset=\"https:\/\/industriall.ai\/blog\/wp-content\/uploads\/2021\/05\/Prancheta-3-100-1-853x1024.jpg 853w, https:\/\/industriall.ai\/blog\/wp-content\/uploads\/2021\/05\/Prancheta-3-100-1-250x300.jpg 250w, https:\/\/industriall.ai\/blog\/wp-content\/uploads\/2021\/05\/Prancheta-3-100-1-768x922.jpg 768w, https:\/\/industriall.ai\/blog\/wp-content\/uploads\/2021\/05\/Prancheta-3-100-1-500x600.jpg 500w\" sizes=\"(max-width: 640px) 100vw, 640px\" \/>\t\t\t\t\t\t\t\t<\/a>\n\t\t\t\t\t\t\t\t\t\t\t\t\t\t<\/div>\n\t\t\t\t\t\t<\/div>\n\t\t\t\t<\/div>\n\t\t\t\t<div class=\"elementor-element elementor-element-53297b2 elementor-widget elementor-widget-spacer\" data-id=\"53297b2\" data-element_type=\"widget\" data-widget_type=\"spacer.default\">\n\t\t\t\t<div class=\"elementor-widget-container\">\n\t\t\t\t\t<div class=\"elementor-spacer\">\n\t\t\t<div class=\"elementor-spacer-inner\"><\/div>\n\t\t<\/div>\n\t\t\t\t<\/div>\n\t\t\t\t<\/div>\n\t\t\t\t<div class=\"elementor-element elementor-element-ab5a0c9 elementor-button-info elementor-align-center elementor-widget elementor-widget-button\" data-id=\"ab5a0c9\" data-element_type=\"widget\" data-widget_type=\"button.default\">\n\t\t\t\t<div class=\"elementor-widget-container\">\n\t\t\t\t\t<div class=\"elementor-button-wrapper\">\n\t\t\t<a href=\"http:\/\/industriall.ai\/blog\/o-que-e-o-numero-kappa\/\" target=\"_blank\" class=\"elementor-button-link elementor-button elementor-size-sm elementor-animation-shrink\" role=\"button\">\n\t\t\t\t\t\t<span class=\"elementor-button-content-wrapper\">\n\t\t\t\t\t\t<span class=\"elementor-button-text\">O que \u00e9 o n\u00famero Kappa? Qual a sua import\u00e2ncia dentro da ind\u00fastria de Papel e Celulose?<\/span>\n\t\t<\/span>\n\t\t\t\t\t<\/a>\n\t\t<\/div>\n\t\t\t\t<\/div>\n\t\t\t\t<\/div>\n\t\t\t\t\t\t<\/div>\n\t\t\t\t\t<\/div>\n\t\t<\/div>\n\t\t\t\t<div class=\"elementor-column elementor-col-33 elementor-inner-column elementor-element elementor-element-e971297\" data-id=\"e971297\" data-element_type=\"column\">\n\t\t\t<div class=\"elementor-column-wrap elementor-element-populated\">\n\t\t\t\t\t\t\t<div class=\"elementor-widget-wrap\">\n\t\t\t\t\t\t<div class=\"elementor-element elementor-element-08ad1ce elementor-widget elementor-widget-spacer\" data-id=\"08ad1ce\" data-element_type=\"widget\" data-widget_type=\"spacer.default\">\n\t\t\t\t<div class=\"elementor-widget-container\">\n\t\t\t\t\t<div class=\"elementor-spacer\">\n\t\t\t<div class=\"elementor-spacer-inner\"><\/div>\n\t\t<\/div>\n\t\t\t\t<\/div>\n\t\t\t\t<\/div>\n\t\t\t\t<div class=\"elementor-element elementor-element-a84e223 elementor-widget elementor-widget-image\" data-id=\"a84e223\" data-element_type=\"widget\" data-widget_type=\"image.default\">\n\t\t\t\t<div class=\"elementor-widget-container\">\n\t\t\t\t\t\t\t\t<div class=\"elementor-image\">\n\t\t\t\t\t\t\t\t\t\t\t\t\t<a href=\"https:\/\/industriall.ai\/blog\/como-planejar-uma-ata-de-reuniao\/\">\n\t\t\t\t\t\t\t<img src=\"https:\/\/industriall.ai\/blog\/wp-content\/uploads\/2021\/05\/Prancheta-3@72x-100.jpg\" title=\"\" alt=\"\" \/>\t\t\t\t\t\t\t\t<\/a>\n\t\t\t\t\t\t\t\t\t\t\t\t\t\t<\/div>\n\t\t\t\t\t\t<\/div>\n\t\t\t\t<\/div>\n\t\t\t\t<div class=\"elementor-element elementor-element-a6ca02a elementor-widget elementor-widget-spacer\" data-id=\"a6ca02a\" data-element_type=\"widget\" data-widget_type=\"spacer.default\">\n\t\t\t\t<div class=\"elementor-widget-container\">\n\t\t\t\t\t<div class=\"elementor-spacer\">\n\t\t\t<div class=\"elementor-spacer-inner\"><\/div>\n\t\t<\/div>\n\t\t\t\t<\/div>\n\t\t\t\t<\/div>\n\t\t\t\t<div class=\"elementor-element elementor-element-6820be9 elementor-widget elementor-widget-spacer\" data-id=\"6820be9\" data-element_type=\"widget\" data-widget_type=\"spacer.default\">\n\t\t\t\t<div class=\"elementor-widget-container\">\n\t\t\t\t\t<div class=\"elementor-spacer\">\n\t\t\t<div class=\"elementor-spacer-inner\"><\/div>\n\t\t<\/div>\n\t\t\t\t<\/div>\n\t\t\t\t<\/div>\n\t\t\t\t<div class=\"elementor-element elementor-element-48bc5dc elementor-button-info elementor-align-center elementor-widget elementor-widget-button\" data-id=\"48bc5dc\" data-element_type=\"widget\" data-widget_type=\"button.default\">\n\t\t\t\t<div class=\"elementor-widget-container\">\n\t\t\t\t\t<div class=\"elementor-button-wrapper\">\n\t\t\t<a href=\"https:\/\/industriall.ai\/blog\/como-planejar-uma-ata-de-reuniao\/\" class=\"elementor-button-link elementor-button elementor-size-sm elementor-animation-shrink\" role=\"button\">\n\t\t\t\t\t\t<span class=\"elementor-button-content-wrapper\">\n\t\t\t\t\t\t<span class=\"elementor-button-text\">Como organizar melhor sua ata de reuni\u00e3o?<\/span>\n\t\t<\/span>\n\t\t\t\t\t<\/a>\n\t\t<\/div>\n\t\t\t\t<\/div>\n\t\t\t\t<\/div>\n\t\t\t\t\t\t<\/div>\n\t\t\t\t\t<\/div>\n\t\t<\/div>\n\t\t\t\t\t\t\t\t<\/div>\n\t\t\t\t\t<\/div>\n\t\t<\/section>\n\t\t\t\t\t\t<\/div>\n\t\t\t\t\t<\/div>\n\t\t<\/div>\n\t\t\t\t\t\t\t\t<\/div>\n\t\t\t\t\t<\/div>\n\t\t<\/section>\n\t\t\t\t\t\t\t\t\t<\/div>\n\t\t\t<\/div>\n\t\t\t\t\t<\/div>\n\t\t","protected":false},"excerpt":{"rendered":"<p>E-Books Confira nossos E-books em Portugu\u00eas Conceito e aplica\u00e7\u00e3o do Controle estat\u00edstico de processos industriais O que \u00e9 o n\u00famero Kappa? Qual a sua import\u00e2ncia dentro da ind\u00fastria de Papel e Celulose? Como organizar melhor sua ata de reuni\u00e3o?<\/p>\n","protected":false},"author":5,"featured_media":0,"parent":0,"menu_order":0,"comment_status":"closed","ping_status":"closed","template":"elementor_header_footer","meta":{"inline_featured_image":false},"yoast_head":"<!-- This site is optimized with the Yoast SEO plugin v20.6 - https:\/\/yoast.com\/wordpress\/plugins\/seo\/ -->\n<title>Materiais Gratuitos - Ebook Blog IndustriALL<\/title>\n<meta name=\"description\" content=\"Adquira materiais totalmente gratuitos para o seu estudo sobre a ind\u00fastria 4.0 e intelig\u00eancia artificial.\" \/>\n<meta name=\"robots\" content=\"index, follow, max-snippet:-1, max-image-preview:large, max-video-preview:-1\" \/>\n<link rel=\"canonical\" href=\"https:\/\/industriall.ai\/blog\/ebook-portugues\" \/>\n<meta property=\"og:locale\" content=\"pt_BR\" \/>\n<meta property=\"og:type\" content=\"article\" \/>\n<meta property=\"og:title\" content=\"Materiais Gratuitos - Ebook Blog IndustriALL\" \/>\n<meta property=\"og:description\" content=\"Adquira materiais totalmente gratuitos para o seu estudo sobre a ind\u00fastria 4.0 e intelig\u00eancia artificial.\" \/>\n<meta property=\"og:url\" content=\"https:\/\/industriall.ai\/blog\/ebook-portugues\" \/>\n<meta property=\"og:site_name\" content=\"Blog IndustriALL\" \/>\n<meta property=\"article:modified_time\" content=\"2022-10-28T19:59:11+00:00\" \/>\n<meta property=\"og:image\" content=\"http:\/\/industriall.ai\/blog\/wp-content\/uploads\/2021\/05\/Prancheta-2@72x-100-853x1024.jpg\" \/>\n<meta name=\"twitter:card\" content=\"summary_large_image\" \/>\n<meta name=\"twitter:label1\" content=\"Est. tempo de leitura\" \/>\n\t<meta name=\"twitter:data1\" content=\"2 minutos\" \/>\n<script type=\"application\/ld+json\" class=\"yoast-schema-graph\">{\"@context\":\"https:\/\/schema.org\",\"@graph\":[{\"@type\":\"WebPage\",\"@id\":\"https:\/\/industriall.ai\/blog\/ebook-portugues\",\"url\":\"https:\/\/industriall.ai\/blog\/ebook-portugues\",\"name\":\"Materiais Gratuitos - Ebook Blog IndustriALL\",\"isPartOf\":{\"@id\":\"https:\/\/industriall.ai\/blog\/#website\"},\"datePublished\":\"2021-04-28T16:58:20+00:00\",\"dateModified\":\"2022-10-28T19:59:11+00:00\",\"description\":\"Adquira materiais totalmente gratuitos para o seu estudo sobre a ind\u00fastria 4.0 e intelig\u00eancia artificial.\",\"breadcrumb\":{\"@id\":\"https:\/\/industriall.ai\/blog\/ebook-portugues#breadcrumb\"},\"inLanguage\":\"pt-BR\",\"potentialAction\":[{\"@type\":\"ReadAction\",\"target\":[\"https:\/\/industriall.ai\/blog\/ebook-portugues\"]}]},{\"@type\":\"BreadcrumbList\",\"@id\":\"https:\/\/industriall.ai\/blog\/ebook-portugues#breadcrumb\",\"itemListElement\":[{\"@type\":\"ListItem\",\"position\":1,\"name\":\"In\u00edcio\",\"item\":\"https:\/\/industriall.ai\/blog\/\"},{\"@type\":\"ListItem\",\"position\":2,\"name\":\"Ebook Portugu\u00eas\"}]},{\"@type\":\"WebSite\",\"@id\":\"https:\/\/industriall.ai\/blog\/#website\",\"url\":\"https:\/\/industriall.ai\/blog\/\",\"name\":\"Blog IndustriALL\",\"description\":\"\",\"publisher\":{\"@id\":\"https:\/\/industriall.ai\/blog\/#organization\"},\"potentialAction\":[{\"@type\":\"SearchAction\",\"target\":{\"@type\":\"EntryPoint\",\"urlTemplate\":\"https:\/\/industriall.ai\/blog\/?s={search_term_string}\"},\"query-input\":\"required name=search_term_string\"}],\"inLanguage\":\"pt-BR\"},{\"@type\":\"Organization\",\"@id\":\"https:\/\/industriall.ai\/blog\/#organization\",\"name\":\"IndustriALL\",\"url\":\"https:\/\/industriall.ai\/blog\/\",\"logo\":{\"@type\":\"ImageObject\",\"inLanguage\":\"pt-BR\",\"@id\":\"https:\/\/industriall.ai\/blog\/#\/schema\/logo\/image\/\",\"url\":\"https:\/\/industriall.ai\/blog\/wp-content\/uploads\/2020\/08\/INDUSTRIALL-FUNDO-CLARO.png\",\"contentUrl\":\"https:\/\/industriall.ai\/blog\/wp-content\/uploads\/2020\/08\/INDUSTRIALL-FUNDO-CLARO.png\",\"width\":1001,\"height\":102,\"caption\":\"IndustriALL\"},\"image\":{\"@id\":\"https:\/\/industriall.ai\/blog\/#\/schema\/logo\/image\/\"},\"sameAs\":[\"https:\/\/www.instagram.com\/industriall.ai\/\"]}]}<\/script>\n<!-- \/ Yoast SEO plugin. -->","yoast_head_json":{"title":"Materiais Gratuitos - Ebook Blog IndustriALL","description":"Adquira materiais totalmente gratuitos para o seu estudo sobre a ind\u00fastria 4.0 e intelig\u00eancia artificial.","robots":{"index":"index","follow":"follow","max-snippet":"max-snippet:-1","max-image-preview":"max-image-preview:large","max-video-preview":"max-video-preview:-1"},"canonical":"https:\/\/industriall.ai\/blog\/ebook-portugues","og_locale":"pt_BR","og_type":"article","og_title":"Materiais Gratuitos - Ebook Blog IndustriALL","og_description":"Adquira materiais totalmente gratuitos para o seu estudo sobre a ind\u00fastria 4.0 e intelig\u00eancia artificial.","og_url":"https:\/\/industriall.ai\/blog\/ebook-portugues","og_site_name":"Blog IndustriALL","article_modified_time":"2022-10-28T19:59:11+00:00","og_image":[{"url":"http:\/\/industriall.ai\/blog\/wp-content\/uploads\/2021\/05\/Prancheta-2@72x-100-853x1024.jpg"}],"twitter_card":"summary_large_image","twitter_misc":{"Est. tempo de leitura":"2 minutos"},"schema":{"@context":"https:\/\/schema.org","@graph":[{"@type":"WebPage","@id":"https:\/\/industriall.ai\/blog\/ebook-portugues","url":"https:\/\/industriall.ai\/blog\/ebook-portugues","name":"Materiais Gratuitos - Ebook Blog IndustriALL","isPartOf":{"@id":"https:\/\/industriall.ai\/blog\/#website"},"datePublished":"2021-04-28T16:58:20+00:00","dateModified":"2022-10-28T19:59:11+00:00","description":"Adquira materiais totalmente gratuitos para o seu estudo sobre a ind\u00fastria 4.0 e intelig\u00eancia artificial.","breadcrumb":{"@id":"https:\/\/industriall.ai\/blog\/ebook-portugues#breadcrumb"},"inLanguage":"pt-BR","potentialAction":[{"@type":"ReadAction","target":["https:\/\/industriall.ai\/blog\/ebook-portugues"]}]},{"@type":"BreadcrumbList","@id":"https:\/\/industriall.ai\/blog\/ebook-portugues#breadcrumb","itemListElement":[{"@type":"ListItem","position":1,"name":"In\u00edcio","item":"https:\/\/industriall.ai\/blog\/"},{"@type":"ListItem","position":2,"name":"Ebook Portugu\u00eas"}]},{"@type":"WebSite","@id":"https:\/\/industriall.ai\/blog\/#website","url":"https:\/\/industriall.ai\/blog\/","name":"Blog IndustriALL","description":"","publisher":{"@id":"https:\/\/industriall.ai\/blog\/#organization"},"potentialAction":[{"@type":"SearchAction","target":{"@type":"EntryPoint","urlTemplate":"https:\/\/industriall.ai\/blog\/?s={search_term_string}"},"query-input":"required name=search_term_string"}],"inLanguage":"pt-BR"},{"@type":"Organization","@id":"https:\/\/industriall.ai\/blog\/#organization","name":"IndustriALL","url":"https:\/\/industriall.ai\/blog\/","logo":{"@type":"ImageObject","inLanguage":"pt-BR","@id":"https:\/\/industriall.ai\/blog\/#\/schema\/logo\/image\/","url":"https:\/\/industriall.ai\/blog\/wp-content\/uploads\/2020\/08\/INDUSTRIALL-FUNDO-CLARO.png","contentUrl":"https:\/\/industriall.ai\/blog\/wp-content\/uploads\/2020\/08\/INDUSTRIALL-FUNDO-CLARO.png","width":1001,"height":102,"caption":"IndustriALL"},"image":{"@id":"https:\/\/industriall.ai\/blog\/#\/schema\/logo\/image\/"},"sameAs":["https:\/\/www.instagram.com\/industriall.ai\/"]}]}},"_links":{"self":[{"href":"https:\/\/industriall.ai\/blog\/wp-json\/wp\/v2\/pages\/11773"}],"collection":[{"href":"https:\/\/industriall.ai\/blog\/wp-json\/wp\/v2\/pages"}],"about":[{"href":"https:\/\/industriall.ai\/blog\/wp-json\/wp\/v2\/types\/page"}],"author":[{"embeddable":true,"href":"https:\/\/industriall.ai\/blog\/wp-json\/wp\/v2\/users\/5"}],"replies":[{"embeddable":true,"href":"https:\/\/industriall.ai\/blog\/wp-json\/wp\/v2\/comments?post=11773"}],"version-history":[{"count":1,"href":"https:\/\/industriall.ai\/blog\/wp-json\/wp\/v2\/pages\/11773\/revisions"}],"predecessor-version":[{"id":13858,"href":"https:\/\/industriall.ai\/blog\/wp-json\/wp\/v2\/pages\/11773\/revisions\/13858"}],"wp:attachment":[{"href":"https:\/\/industriall.ai\/blog\/wp-json\/wp\/v2\/media?parent=11773"}],"curies":[{"name":"wp","href":"https:\/\/api.w.org\/{rel}","templated":true}]}}